{"id":4157,"date":"2015-08-10T17:40:22","date_gmt":"2015-08-10T21:40:22","guid":{"rendered":"https:\/\/bang.ca\/?page_id=4157"},"modified":"2020-07-20T16:13:21","modified_gmt":"2020-07-20T20:13:21","slug":"services-professionnels","status":"publish","type":"page","link":"https:\/\/bang.ca\/fr\/services\/services-professionnels\/","title":{"rendered":"Services professionnels"},"content":{"rendered":"<p>[vc_row css=\u00a0\u00bb.vc_custom_1593094366490{margin-bottom: 50px !important;}\u00a0\u00bb kswr_row_top_decor_enabled=\u00a0\u00bbfalse\u00a0\u00bb kswr_row_bottom_decor_enabled=\u00a0\u00bbfalse\u00a0\u00bb][vc_column][vc_column_text]<\/p>\n<div class=\"wpb_text_column wpb_content_element \">\n<div class=\"wpb_wrapper\">\n<p>Nous offrons une gamme compl\u00e8te de services aux petites, moyennes et grandes entreprises. Depuis 28 ans, nous assurons le soutien technique de leur mat\u00e9riel et de leurs logiciels, mais surtout nous les soutenons au gr\u00e9 de leur croissance et de leurs besoins informatiques. Chez Bang, notre objectif est de faire travailler vos TI pour vous et de vous aider \u00e0 atteindre vos objectifs commerciaux. Les TI doivent \u00eatre un avantage concurrentiel et non un obstacle \u00e0 la croissance. Appelez-nous d\u00e8s aujourd\u2019hui et voyons ensemble comment nous pouvons contribuer \u00e0 l\u2019essor de votre entreprise.<\/p>\n<\/div>\n<\/div>\n<p class=\"p1\" style=\"text-align: center;\"><span class=\"s2\">\u00a0<\/span><\/p>\n<p>[\/vc_column_text][\/vc_column][\/vc_row][vc_row equal_height=\u00a0\u00bbyes\u00a0\u00bb content_placement=\u00a0\u00bbtop\u00a0\u00bb parallax=\u00a0\u00bbcontent-moving-fade\u00a0\u00bb kswr_row_top_decor_enabled=\u00a0\u00bbfalse\u00a0\u00bb kswr_row_bottom_decor_enabled=\u00a0\u00bbfalse\u00a0\u00bb el_class=\u00a0\u00bbmargin-bottom-50&Prime;][vc_column width=\u00a0\u00bb1\/3&Prime; css=\u00a0\u00bb.vc_custom_1594218489429{padding-top: 20px !important;padding-right: 20px !important;padding-bottom: 20px !important;padding-left: 20px !important;}\u00a0\u00bb el_id=\u00a0\u00bbservices_de_virtualisation_vmware\u00a0\u00bb][vc_column_text el_class=\u00a0\u00bbfa server\u00a0\u00bb]<\/p>\n<h3>Services de virtualisation VMware<\/h3>\n<p>[\/vc_column_text][vc_headings style=\u00a0\u00bbtheme3&Prime; linewidth=\u00a0\u00bb50&Prime; borderwidth=\u00a0\u00bb3&Prime; borderclr=\u00a0\u00bb#ff6400&Prime; align=\u00a0\u00bbleft\u00a0\u00bb title=\u00a0\u00bb\u00a0\u00bb titleclr=\u00a0\u00bb#000000&Prime;][\/vc_headings][vc_column_text]Passez de votre ancienne plateforme \u00e0 votre propre monde virtualis\u00e9. La virtualisation peut simplifier votre r\u00e9seau et r\u00e9duire l&rsquo;\u00e9talement du serveur. Consolidez l&rsquo;\u00e9quipement et aidez \u00e0 r\u00e9duire les temps d&rsquo;arr\u00eat et les risques de d\u00e9faillance. Associ\u00e9 \u00e0 nos services CONTINU<span class=\"it-orange\">IT<\/span><sup>\u00ae<\/sup>, vous pouvez cr\u00e9er des sc\u00e9narios de sauvegarde et de r\u00e9cup\u00e9ration rapides et m\u00eame une reprise apr\u00e8s sinistre compl\u00e8te hors site.[\/vc_column_text][\/vc_column][vc_column width=\u00a0\u00bb1\/3&Prime; css=\u00a0\u00bb.vc_custom_1594218674461{padding-top: 20px !important;padding-right: 20px !important;padding-bottom: 20px !important;padding-left: 20px !important;}\u00a0\u00bb el_id=\u00a0\u00bbmigration_et_mise_a_niveau_de_vmware\u00a0\u00bb][vc_column_text el_class=\u00a0\u00bbfa fa-paper-plane\u00a0\u00bb el_id=\u00a0\u00bbvmware_migration_and_upgrade\u00a0\u00bb]<\/p>\n<h3>Migration et mise \u00e0 niveau de VMware<\/h3>\n<p>[\/vc_column_text][vc_headings style=\u00a0\u00bbtheme3&Prime; linewidth=\u00a0\u00bb50&Prime; borderwidth=\u00a0\u00bb3&Prime; borderclr=\u00a0\u00bb#ff6400&Prime; align=\u00a0\u00bbleft\u00a0\u00bb title=\u00a0\u00bb\u00a0\u00bb titleclr=\u00a0\u00bb#000000&Prime;][\/vc_headings][vc_column_text]Vous avez d\u00e9j\u00e0 un environnement VMware? Vous pouvez profiter pleinement des formidables nouvelles fonctions qu\u2019offre la toute derni\u00e8re version de vSphere. Nous assurons la mise \u00e0 niveau, la migration et le d\u00e9veloppement d\u2019une vari\u00e9t\u00e9 infinie d\u2019environnements VMware. Notre \u00e9quipe compte toujours des professionnels VMware agr\u00e9\u00e9s pour garantir une migration sans probl\u00e8me, tout en douceur.[\/vc_column_text][\/vc_column][vc_column width=\u00a0\u00bb1\/3&Prime; css=\u00a0\u00bb.vc_custom_1594218739316{padding-top: 20px !important;padding-right: 20px !important;padding-bottom: 20px !important;padding-left: 20px !important;}\u00a0\u00bb el_id=\u00a0\u00bbvirtualisation_sap_et_services_de_planification\u00a0\u00bb][vc_column_text el_class=\u00a0\u00bbfa fa-rotate-right\u00a0\u00bb]<\/p>\n<h3>Virtualisation SAP et services de planification<\/h3>\n<p>[\/vc_column_text][vc_headings style=\u00a0\u00bbtheme3&Prime; linewidth=\u00a0\u00bb50&Prime; borderwidth=\u00a0\u00bb3&Prime; borderclr=\u00a0\u00bb#ff6400&Prime; align=\u00a0\u00bbleft\u00a0\u00bb title=\u00a0\u00bb\u00a0\u00bb titleclr=\u00a0\u00bb#000000&Prime;][\/vc_headings][vc_column_text]Pr\u00eat \u00e0 transporter votre paysage SAP dans le nuage? BANG a fait ses preuves dans la migration d\u2019environnements SAP vers des environnements virtuels. Que vous projetiez d\u2019h\u00e9berger un environnement SAP dans votre nuage personnel ou hors site, BANG dispose de l\u2019exp\u00e9rience n\u00e9cessaire pour garantir une transition tout en douceur de vos instances SAP.[\/vc_column_text][\/vc_column][\/vc_row][vc_row equal_height=\u00a0\u00bbyes\u00a0\u00bb content_placement=\u00a0\u00bbtop\u00a0\u00bb parallax=\u00a0\u00bbcontent-moving-fade\u00a0\u00bb kswr_row_top_decor_enabled=\u00a0\u00bbfalse\u00a0\u00bb kswr_row_bottom_decor_enabled=\u00a0\u00bbfalse\u00a0\u00bb el_class=\u00a0\u00bbmargin-bottom-50&Prime;][vc_column width=\u00a0\u00bb1\/6&Prime; css=\u00a0\u00bb.vc_custom_1593189152028{padding-top: 20px !important;padding-right: 20px !important;padding-bottom: 20px !important;padding-left: 20px !important;}\u00a0\u00bb][\/vc_column][vc_column width=\u00a0\u00bb1\/3&Prime; css=\u00a0\u00bb.vc_custom_1594218957435{padding-top: 20px !important;padding-right: 20px !important;padding-bottom: 20px !important;padding-left: 20px !important;}\u00a0\u00bb el_id=\u00a0\u00bbplanification_et_mise_en_oeuvre_d_une_reprise_apres_sinistre\u00a0\u00bb][vc_column_text el_class=\u00a0\u00bbfa devices\u00a0\u00bb]<\/p>\n<h3>Planification et mise en \u0153uvre d\u2019une reprise apr\u00e8s sinistre<\/h3>\n<p>[\/vc_column_text][vc_headings style=\u00a0\u00bbtheme3&Prime; linewidth=\u00a0\u00bb50&Prime; borderwidth=\u00a0\u00bb3&Prime; borderclr=\u00a0\u00bb#ff6400&Prime; align=\u00a0\u00bbleft\u00a0\u00bb title=\u00a0\u00bb\u00a0\u00bb titleclr=\u00a0\u00bb#000000&Prime;][\/vc_headings][vc_column_text]De nos jours, la reprise apr\u00e8s sinistre ou la planification de la continuit\u00e9 des affaires font partie des besoins courants en TI de toute entreprise. BANG a l\u2019exp\u00e9rience et les capacit\u00e9s n\u00e9cessaires pour fournir \u00e0 votre entreprise le plan qui la rendra de nouveau op\u00e9rationnelle lorsque le pire arrive. Avec sa plateforme de services CONTINUITMD, BANG offre une gamme compl\u00e8te de solutions de sauvegarde et de reprise apr\u00e8s sinistre. De la simple r\u00e9cup\u00e9ration de donn\u00e9es \u00e0 la r\u00e9cup\u00e9ration d\u2019un site complet, BANG a une solution correspondant \u00e0 vos besoins.[\/vc_column_text][\/vc_column][vc_column width=\u00a0\u00bb1\/3&Prime; css=\u00a0\u00bb.vc_custom_1594218816140{padding-top: 20px !important;padding-right: 20px !important;padding-bottom: 20px !important;padding-left: 20px !important;}\u00a0\u00bb el_id=\u00a0\u00bbpare-feu_et_mises_a_niveau_du_reseau\u00a0\u00bb][vc_column_text el_class=\u00a0\u00bbfa firewall\u00a0\u00bb]<\/p>\n<h3>Pare-feu et mises \u00e0 niveau du r\u00e9seau<\/h3>\n<p>[\/vc_column_text][vc_headings style=\u00a0\u00bbtheme3&Prime; linewidth=\u00a0\u00bb50&Prime; borderwidth=\u00a0\u00bb3&Prime; borderclr=\u00a0\u00bb#ff6400&Prime; align=\u00a0\u00bbleft\u00a0\u00bb title=\u00a0\u00bb\u00a0\u00bb titleclr=\u00a0\u00bb#000000&Prime;][\/vc_headings][vc_column_text]Vous devez mettre \u00e0 niveau la s\u00e9curit\u00e9 de votre r\u00e9seau? Vous cherchez \u00e0 donner tous les moyens d\u2019action \u00e0 vos utilisateurs nomades? Vous voulez avoir un acc\u00e8s complet au r\u00e9seau sans fil? BANG dispose de l\u2019exp\u00e9rience et des partenaires n\u00e9cessaires &#8211; comme SonicWALL, HP et Cisco &#8211; pour aider votre entreprise \u00e0 tirer le maximum de son r\u00e9seau. Permettez le t\u00e9l\u00e9travail, mettez en relation des bureaux \u00e9loign\u00e9s, augmentez votre vitesse Internet ou faites entrer la technologie Wi-Fi dans les salles de conf\u00e9rence. Avec BANG, toutes ces possibilit\u00e9s deviendront r\u00e9alit\u00e9.[\/vc_column_text][\/vc_column][vc_column width=\u00a0\u00bb1\/6&Prime;][\/vc_column][\/vc_row][vc_row full_width=\u00a0\u00bbstretch_row\u00a0\u00bb content_placement=\u00a0\u00bbmiddle\u00a0\u00bb parallax=\u00a0\u00bbcontent-moving-fade\u00a0\u00bb type=\u00a0\u00bbpixflaticon\u00a0\u00bb icon_pixflaticon=\u00a0\u00bbflaticon-call37&Prime; css=\u00a0\u00bb.vc_custom_1594670842824{padding-top: 50px !important;padding-bottom: 50px !important;background-color: #ff6400 !important;}\u00a0\u00bb kswr_row_top_decor_enabled=\u00a0\u00bbfalse\u00a0\u00bb kswr_row_bottom_decor_enabled=\u00a0\u00bbfalse\u00a0\u00bb el_class=\u00a0\u00bbcontact_form_row\u00a0\u00bb][vc_column width=\u00a0\u00bb1\/6&Prime; css=\u00a0\u00bb.vc_custom_1593096338878{padding-right: 25% !important;padding-left: 25% !important;}\u00a0\u00bb][\/vc_column][vc_column width=\u00a0\u00bb2\/3&Prime;][vc_headings style=\u00a0\u00bbtheme3&Prime; linewidth=\u00a0\u00bb50&Prime; borderwidth=\u00a0\u00bb3&Prime; borderclr=\u00a0\u00bb#ffffff\u00a0\u00bb title=\u00a0\u00bbDites-nous comment nous pouvons aider votre entreprise \u00e0 cro\u00eetre!\u00a0\u00bb titleclr=\u00a0\u00bb#ffffff\u00a0\u00bb][\/vc_headings][vc_empty_space height=\u00a0\u00bb25&Prime;][vc_btn title=\u00a0\u00bbParlons-en!\u00a0\u00bb color=\u00a0\u00bbwarning\u00a0\u00bb align=\u00a0\u00bbcenter\u00a0\u00bb link=\u00a0\u00bburl:%2Ffr%2Fcontactez-nous%2F|title:Contact%20Bang||\u00a0\u00bb el_class=\u00a0\u00bbwpcf7-submit\u00a0\u00bb][\/vc_column][vc_column width=\u00a0\u00bb1\/6&Prime;][\/vc_column][\/vc_row]<\/p>\n","protected":false},"excerpt":{"rendered":"<p>[vc_row css=\u00a0\u00bb.vc_custom_1593094366490{margin-bottom: 50px !important;}\u00a0\u00bb kswr_row_top_decor_enabled=\u00a0\u00bbfalse\u00a0\u00bb kswr_row_bottom_decor_enabled=\u00a0\u00bbfalse\u00a0\u00bb][vc_column][vc_column_text] Nous offrons une gamme compl\u00e8te de services aux petites, moyennes et grandes entreprises. Depuis 28 ans, nous assurons le soutien technique de leur mat\u00e9riel et de leurs logiciels, mais surtout nous les soutenons au gr\u00e9 de leur croissance et de leurs besoins informatiques. Chez Bang, notre objectif est de [&hellip;]<\/p>\n","protected":false},"author":3,"featured_media":14933,"parent":14839,"menu_order":4,"comment_status":"closed","ping_status":"closed","template":"","meta":{"footnotes":""},"class_list":["post-4157","page","type-page","status-publish","has-post-thumbnail","hentry"],"yoast_head":"<!-- This site is optimized with the Yoast SEO plugin v16.2 - https:\/\/yoast.com\/wordpress\/plugins\/seo\/ -->\n<title>Bang - Services professionnels TI - Gamme compl\u00e8te de services TI<\/title>\n<meta name=\"description\" content=\"Bang prend en charge vos projets d&#039;infrastructure, de logiciels et de votre entreprise au fur et \u00e0 mesure de l&#039;\u00e9volution de vos besoins TI.\" \/>\n<meta name=\"robots\" content=\"index, follow, max-snippet:-1, max-image-preview:large, max-video-preview:-1\" \/>\n<link rel=\"canonical\" href=\"https:\/\/bang.ca\/fr\/services\/services-professionnels\/\" \/>\n<meta property=\"og:locale\" content=\"fr_FR\" \/>\n<meta property=\"og:type\" content=\"article\" \/>\n<meta property=\"og:title\" content=\"Bang - Services professionnels TI - Gamme compl\u00e8te de services TI\" \/>\n<meta property=\"og:description\" content=\"Bang prend en charge vos projets d&#039;infrastructure, de logiciels et de votre entreprise au fur et \u00e0 mesure de l&#039;\u00e9volution de vos besoins TI.\" \/>\n<meta property=\"og:url\" content=\"https:\/\/bang.ca\/fr\/services\/services-professionnels\/\" \/>\n<meta property=\"og:site_name\" content=\"BANG - Experts Cloud\" \/>\n<meta property=\"article:modified_time\" content=\"2020-07-20T20:13:21+00:00\" \/>\n<meta property=\"og:image\" content=\"https:\/\/bang.ca\/wp-content\/uploads\/2020\/06\/iStock-649839956.jpg\" \/>\n\t<meta property=\"og:image:width\" content=\"2360\" \/>\n\t<meta property=\"og:image:height\" content=\"1271\" \/>\n<meta name=\"twitter:card\" content=\"summary_large_image\" \/>\n<meta name=\"twitter:site\" content=\"@IndustriesBANG\" \/>\n<meta name=\"twitter:label1\" content=\"Dur\u00e9e de lecture est.\">\n\t<meta name=\"twitter:data1\" content=\"5 minutes\">\n<script type=\"application\/ld+json\" class=\"yoast-schema-graph\">{\"@context\":\"https:\/\/schema.org\",\"@graph\":[{\"@type\":\"Organization\",\"@id\":\"https:\/\/bang.ca\/fr\/#organization\",\"name\":\"BANG\",\"url\":\"https:\/\/bang.ca\/fr\/\",\"sameAs\":[\"https:\/\/www.linkedin.com\/company\/1263889?trk=cws-btn-overview-0-0\",\"https:\/\/twitter.com\/IndustriesBANG\"],\"logo\":{\"@type\":\"ImageObject\",\"@id\":\"https:\/\/bang.ca\/fr\/#logo\",\"inLanguage\":\"fr-FR\",\"url\":\"https:\/\/bang.ca\/wp-content\/uploads\/2015\/04\/bang_logo.png\",\"contentUrl\":\"https:\/\/bang.ca\/wp-content\/uploads\/2015\/04\/bang_logo.png\",\"width\":84,\"height\":94,\"caption\":\"BANG\"},\"image\":{\"@id\":\"https:\/\/bang.ca\/fr\/#logo\"}},{\"@type\":\"WebSite\",\"@id\":\"https:\/\/bang.ca\/fr\/#website\",\"url\":\"https:\/\/bang.ca\/fr\/\",\"name\":\"BANG - Experts Cloud\",\"description\":\"Simplifiez vos T.I.\",\"publisher\":{\"@id\":\"https:\/\/bang.ca\/fr\/#organization\"},\"potentialAction\":[{\"@type\":\"SearchAction\",\"target\":\"https:\/\/bang.ca\/fr\/?s={search_term_string}\",\"query-input\":\"required name=search_term_string\"}],\"inLanguage\":\"fr-FR\"},{\"@type\":\"ImageObject\",\"@id\":\"https:\/\/bang.ca\/fr\/services\/services-professionnels\/#primaryimage\",\"inLanguage\":\"fr-FR\",\"url\":\"https:\/\/bang.ca\/wp-content\/uploads\/2020\/06\/iStock-649839956.jpg\",\"contentUrl\":\"https:\/\/bang.ca\/wp-content\/uploads\/2020\/06\/iStock-649839956.jpg\",\"width\":2360,\"height\":1271,\"caption\":\"Closeup side view of group of IT experts completing a task in their office. There are three men and two women sitting side by side at a long office desk. Couple further from the camera is in sharp focus.\"},{\"@type\":\"WebPage\",\"@id\":\"https:\/\/bang.ca\/fr\/services\/services-professionnels\/#webpage\",\"url\":\"https:\/\/bang.ca\/fr\/services\/services-professionnels\/\",\"name\":\"Bang - Services professionnels TI - Gamme compl\\u00e8te de services TI\",\"isPartOf\":{\"@id\":\"https:\/\/bang.ca\/fr\/#website\"},\"primaryImageOfPage\":{\"@id\":\"https:\/\/bang.ca\/fr\/services\/services-professionnels\/#primaryimage\"},\"datePublished\":\"2015-08-10T21:40:22+00:00\",\"dateModified\":\"2020-07-20T20:13:21+00:00\",\"description\":\"Bang prend en charge vos projets d'infrastructure, de logiciels et de votre entreprise au fur et \\u00e0 mesure de l'\\u00e9volution de vos besoins TI.\",\"breadcrumb\":{\"@id\":\"https:\/\/bang.ca\/fr\/services\/services-professionnels\/#breadcrumb\"},\"inLanguage\":\"fr-FR\",\"potentialAction\":[{\"@type\":\"ReadAction\",\"target\":[\"https:\/\/bang.ca\/fr\/services\/services-professionnels\/\"]}]},{\"@type\":\"BreadcrumbList\",\"@id\":\"https:\/\/bang.ca\/fr\/services\/services-professionnels\/#breadcrumb\",\"itemListElement\":[{\"@type\":\"ListItem\",\"position\":1,\"item\":{\"@type\":\"WebPage\",\"@id\":\"https:\/\/bang.ca\/fr\/\",\"url\":\"https:\/\/bang.ca\/fr\/\",\"name\":\"Home\"}},{\"@type\":\"ListItem\",\"position\":2,\"item\":{\"@type\":\"WebPage\",\"@id\":\"https:\/\/bang.ca\/fr\/services\/\",\"url\":\"https:\/\/bang.ca\/fr\/services\/\",\"name\":\"Services\"}},{\"@type\":\"ListItem\",\"position\":3,\"item\":{\"@id\":\"https:\/\/bang.ca\/fr\/services\/services-professionnels\/#webpage\"}}]}]}<\/script>\n<!-- \/ Yoast SEO plugin. -->","_links":{"self":[{"href":"https:\/\/bang.ca\/fr\/wp-json\/wp\/v2\/pages\/4157","targetHints":{"allow":["GET"]}}],"collection":[{"href":"https:\/\/bang.ca\/fr\/wp-json\/wp\/v2\/pages"}],"about":[{"href":"https:\/\/bang.ca\/fr\/wp-json\/wp\/v2\/types\/page"}],"author":[{"embeddable":true,"href":"https:\/\/bang.ca\/fr\/wp-json\/wp\/v2\/users\/3"}],"replies":[{"embeddable":true,"href":"https:\/\/bang.ca\/fr\/wp-json\/wp\/v2\/comments?post=4157"}],"version-history":[{"count":2,"href":"https:\/\/bang.ca\/fr\/wp-json\/wp\/v2\/pages\/4157\/revisions"}],"predecessor-version":[{"id":15646,"href":"https:\/\/bang.ca\/fr\/wp-json\/wp\/v2\/pages\/4157\/revisions\/15646"}],"up":[{"embeddable":true,"href":"https:\/\/bang.ca\/fr\/wp-json\/wp\/v2\/pages\/14839"}],"wp:featuredmedia":[{"embeddable":true,"href":"https:\/\/bang.ca\/fr\/wp-json\/wp\/v2\/media\/14933"}],"wp:attachment":[{"href":"https:\/\/bang.ca\/fr\/wp-json\/wp\/v2\/media?parent=4157"}],"curies":[{"name":"wp","href":"https:\/\/api.w.org\/{rel}","templated":true}]}}