{"id":4140,"date":"2015-05-11T14:34:03","date_gmt":"2015-05-11T18:34:03","guid":{"rendered":"https:\/\/bang.ca\/client-login-2\/"},"modified":"2021-01-06T15:44:07","modified_gmt":"2021-01-06T20:44:07","slug":"connexion-client","status":"publish","type":"page","link":"https:\/\/bang.ca\/fr\/connexion-client\/","title":{"rendered":"Connexion client"},"content":{"rendered":"<p>[vc_row gap=\u00a0\u00bb30&Prime; equal_height=\u00a0\u00bbyes\u00a0\u00bb panchor=\u00a0\u00bbanchor-disabled\u00a0\u00bb css=\u00a0\u00bb.vc_custom_1594309394086{padding-top: 10px !important;padding-bottom: 80px !important;}\u00a0\u00bb kswr_row_top_decor_enabled=\u00a0\u00bbfalse\u00a0\u00bb kswr_row_bottom_decor_enabled=\u00a0\u00bbfalse\u00a0\u00bb][vc_column width=\u00a0\u00bb1\/2&Prime; css=\u00a0\u00bb.vc_custom_1438281248694{margin-top: 0px !important;margin-right: 0px !important;margin-bottom: 0px !important;margin-left: 0px !important;border-top-width: 0px !important;border-right-width: 0px !important;border-bottom-width: 0px !important;border-left-width: 0px !important;padding-top: 0px !important;padding-right: 0px !important;padding-bottom: 0px !important;padding-left: 0px !important;}\u00a0\u00bb][vc_column_text]Bang propose \u00e0 ses clients une large gamme d&rsquo;outils afin de mieux g\u00e9rer leur r\u00e9seau informatique.<br \/>\nVeuillez noter que vous avez besoin d&rsquo;un nom d&rsquo;utilisateur et d&rsquo;un mot de passe pour acc\u00e9der \u00e0 ces services.<\/p>\n<p>Si vous avez besoin d&rsquo;assistance suppl\u00e9mentaire, nous sommes disponibles par t\u00e9l\u00e9phone.<\/p>\n<h3>514-416-9911<\/h3>\n<p>[\/vc_column_text][\/vc_column][vc_column width=\u00a0\u00bb1\/2&Prime;][vc_row_inner][vc_column_inner][vc_column_text]Portail de Support Client<\/p>\n<h3><a href=\"https:\/\/ww1.autotask.net\/ClientPortal\/Login.aspx?ci=6564\" target=\"_blank\" rel=\"noopener noreferrer\">SIMPLIC<span class=\"it-orange\">IT<\/span><sup>\u00ae<\/sup><\/a><\/h3>\n<p>[\/vc_column_text][\/vc_column_inner][\/vc_row_inner][vc_column_text]Support \u00e0 Distance<\/p>\n<h3><a href=\"http:\/\/sos.bang.ca\" target=\"_blank\" rel=\"noopener noreferrer\">SIMPLIC<span class=\"it-orange\">IT<\/span><sup>\u00ae<\/sup>\u00a0SOS<\/a><\/h3>\n<p>[\/vc_column_text][vc_column_text]Gestion et Surveillance \u00e0 Distance<\/p>\n<h3><a href=\"https:\/\/nexus.simplicit.info\/\" target=\"_blank\" rel=\"noopener noreferrer\">SIMPLIC<span class=\"it-orange\">IT<\/span><sup>\u00ae<\/sup>\u00a0RMM<\/a><\/h3>\n<p>[\/vc_column_text][vc_column_text]Syst\u00e8me d&#8217;email marketing<\/p>\n<h3><a href=\"http:\/\/marketing.mybang.info\/signin\" target=\"_blank\" rel=\"noopener noreferrer\">SIMPLIC<span class=\"it-orange\">IT<\/span><sup>\u00ae<\/sup>\u00a0MARKETING<\/a><\/h3>\n<p>[\/vc_column_text][\/vc_column][\/vc_row][vc_row full_width=\u00a0\u00bbstretch_row\u00a0\u00bb content_placement=\u00a0\u00bbmiddle\u00a0\u00bb parallax=\u00a0\u00bbcontent-moving-fade\u00a0\u00bb css=\u00a0\u00bb.vc_custom_1594731221445{padding-top: 25px !important;padding-bottom: 25px !important;background-color: #ff6400 !important;}\u00a0\u00bb kswr_row_top_decor_enabled=\u00a0\u00bbfalse\u00a0\u00bb kswr_row_bottom_decor_enabled=\u00a0\u00bbfalse\u00a0\u00bb el_class=\u00a0\u00bbcontact_form_row\u00a0\u00bb][vc_column css=\u00a0\u00bb.vc_custom_1593096338878{padding-right: 25% !important;padding-left: 25% !important;}\u00a0\u00bb][vc_headings style=\u00a0\u00bbtheme3&Prime; linewidth=\u00a0\u00bb50&Prime; borderwidth=\u00a0\u00bb3&Prime; borderclr=\u00a0\u00bb#ffffff\u00a0\u00bb title=\u00a0\u00bbComment pouvons-nous am\u00e9liorer vos affaires avec les TI?\u00a0\u00bb titleclr=\u00a0\u00bb#ffffff\u00a0\u00bb][\/vc_headings][vc_column_text]<\/p>\n<p style=\"text-align: center;\">Parlons de votre projet TI maintenant.<\/p>\n<p>[\/vc_column_text][vc_empty_space height=\u00a0\u00bb25&Prime;][vc_btn title=\u00a0\u00bbParlons-en!\u00a0\u00bb color=\u00a0\u00bbwarning\u00a0\u00bb align=\u00a0\u00bbcenter\u00a0\u00bb link=\u00a0\u00bburl:%2Ffr%2Fcontactez-nous%2F|title:Contact%20Bang||\u00a0\u00bb el_class=\u00a0\u00bbwpcf7-submit\u00a0\u00bb][\/vc_column][\/vc_row]<\/p>\n","protected":false},"excerpt":{"rendered":"<p>[vc_row gap=\u00a0\u00bb30&Prime; equal_height=\u00a0\u00bbyes\u00a0\u00bb panchor=\u00a0\u00bbanchor-disabled\u00a0\u00bb css=\u00a0\u00bb.vc_custom_1594309394086{padding-top: 10px !important;padding-bottom: 80px !important;}\u00a0\u00bb kswr_row_top_decor_enabled=\u00a0\u00bbfalse\u00a0\u00bb kswr_row_bottom_decor_enabled=\u00a0\u00bbfalse\u00a0\u00bb][vc_column width=\u00a0\u00bb1\/2&Prime; css=\u00a0\u00bb.vc_custom_1438281248694{margin-top: 0px !important;margin-right: 0px !important;margin-bottom: 0px !important;margin-left: 0px !important;border-top-width: 0px !important;border-right-width: 0px !important;border-bottom-width: 0px !important;border-left-width: 0px !important;padding-top: 0px !important;padding-right: 0px !important;padding-bottom: 0px !important;padding-left: 0px !important;}\u00a0\u00bb][vc_column_text]Bang propose \u00e0 ses clients une large gamme d&rsquo;outils afin de mieux g\u00e9rer leur r\u00e9seau informatique. Veuillez noter que [&hellip;]<\/p>\n","protected":false},"author":5,"featured_media":15827,"parent":0,"menu_order":99,"comment_status":"closed","ping_status":"closed","template":"","meta":{"footnotes":""},"class_list":["post-4140","page","type-page","status-publish","has-post-thumbnail","hentry"],"yoast_head":"<!-- This site is optimized with the Yoast SEO plugin v16.2 - https:\/\/yoast.com\/wordpress\/plugins\/seo\/ -->\n<title>Connexion Client - Nos experts TI sont l\u00e0 pour vous 24h\/7j -<\/title>\n<meta name=\"description\" content=\"Portail de support Client - Support \u00e0 distance - Gestion &amp; Surveillance \u00e0 Distance - Syst\u00e8me de courriels Marketing. Contactez-nous!\" \/>\n<meta name=\"robots\" content=\"index, follow, max-snippet:-1, max-image-preview:large, max-video-preview:-1\" \/>\n<link rel=\"canonical\" href=\"https:\/\/bang.ca\/fr\/connexion-client\/\" \/>\n<meta property=\"og:locale\" content=\"fr_FR\" \/>\n<meta property=\"og:type\" content=\"article\" \/>\n<meta property=\"og:title\" content=\"Connexion Client - Nos experts TI sont l\u00e0 pour vous 24h\/7j -\" \/>\n<meta property=\"og:description\" content=\"Portail de support Client - Support \u00e0 distance - Gestion &amp; Surveillance \u00e0 Distance - Syst\u00e8me de courriels Marketing. Contactez-nous!\" \/>\n<meta property=\"og:url\" content=\"https:\/\/bang.ca\/fr\/connexion-client\/\" \/>\n<meta property=\"og:site_name\" content=\"BANG - Experts Cloud\" \/>\n<meta property=\"article:modified_time\" content=\"2021-01-06T20:44:07+00:00\" \/>\n<meta property=\"og:image\" content=\"https:\/\/bang.ca\/wp-content\/uploads\/2021\/01\/header-Login.jpg\" \/>\n\t<meta property=\"og:image:width\" content=\"1920\" \/>\n\t<meta property=\"og:image:height\" content=\"838\" \/>\n<meta name=\"twitter:card\" content=\"summary_large_image\" \/>\n<meta name=\"twitter:site\" content=\"@IndustriesBANG\" \/>\n<meta name=\"twitter:label1\" content=\"Dur\u00e9e de lecture est.\">\n\t<meta name=\"twitter:data1\" content=\"2 minutes\">\n<script type=\"application\/ld+json\" class=\"yoast-schema-graph\">{\"@context\":\"https:\/\/schema.org\",\"@graph\":[{\"@type\":\"Organization\",\"@id\":\"https:\/\/bang.ca\/fr\/#organization\",\"name\":\"BANG\",\"url\":\"https:\/\/bang.ca\/fr\/\",\"sameAs\":[\"https:\/\/www.linkedin.com\/company\/1263889?trk=cws-btn-overview-0-0\",\"https:\/\/twitter.com\/IndustriesBANG\"],\"logo\":{\"@type\":\"ImageObject\",\"@id\":\"https:\/\/bang.ca\/fr\/#logo\",\"inLanguage\":\"fr-FR\",\"url\":\"https:\/\/bang.ca\/wp-content\/uploads\/2015\/04\/bang_logo.png\",\"contentUrl\":\"https:\/\/bang.ca\/wp-content\/uploads\/2015\/04\/bang_logo.png\",\"width\":84,\"height\":94,\"caption\":\"BANG\"},\"image\":{\"@id\":\"https:\/\/bang.ca\/fr\/#logo\"}},{\"@type\":\"WebSite\",\"@id\":\"https:\/\/bang.ca\/fr\/#website\",\"url\":\"https:\/\/bang.ca\/fr\/\",\"name\":\"BANG - Experts Cloud\",\"description\":\"Simplifiez vos T.I.\",\"publisher\":{\"@id\":\"https:\/\/bang.ca\/fr\/#organization\"},\"potentialAction\":[{\"@type\":\"SearchAction\",\"target\":\"https:\/\/bang.ca\/fr\/?s={search_term_string}\",\"query-input\":\"required name=search_term_string\"}],\"inLanguage\":\"fr-FR\"},{\"@type\":\"ImageObject\",\"@id\":\"https:\/\/bang.ca\/fr\/connexion-client\/#primaryimage\",\"inLanguage\":\"fr-FR\",\"url\":\"https:\/\/bang.ca\/wp-content\/uploads\/2021\/01\/header-Login.jpg\",\"contentUrl\":\"https:\/\/bang.ca\/wp-content\/uploads\/2021\/01\/header-Login.jpg\",\"width\":1920,\"height\":838,\"caption\":\"Bang- client login\"},{\"@type\":\"WebPage\",\"@id\":\"https:\/\/bang.ca\/fr\/connexion-client\/#webpage\",\"url\":\"https:\/\/bang.ca\/fr\/connexion-client\/\",\"name\":\"Connexion Client - Nos experts TI sont l\\u00e0 pour vous 24h\/7j -\",\"isPartOf\":{\"@id\":\"https:\/\/bang.ca\/fr\/#website\"},\"primaryImageOfPage\":{\"@id\":\"https:\/\/bang.ca\/fr\/connexion-client\/#primaryimage\"},\"datePublished\":\"2015-05-11T18:34:03+00:00\",\"dateModified\":\"2021-01-06T20:44:07+00:00\",\"description\":\"Portail de support Client - Support \\u00e0 distance - Gestion & Surveillance \\u00e0 Distance - Syst\\u00e8me de courriels Marketing. Contactez-nous!\",\"breadcrumb\":{\"@id\":\"https:\/\/bang.ca\/fr\/connexion-client\/#breadcrumb\"},\"inLanguage\":\"fr-FR\",\"potentialAction\":[{\"@type\":\"ReadAction\",\"target\":[\"https:\/\/bang.ca\/fr\/connexion-client\/\"]}]},{\"@type\":\"BreadcrumbList\",\"@id\":\"https:\/\/bang.ca\/fr\/connexion-client\/#breadcrumb\",\"itemListElement\":[{\"@type\":\"ListItem\",\"position\":1,\"item\":{\"@type\":\"WebPage\",\"@id\":\"https:\/\/bang.ca\/fr\/\",\"url\":\"https:\/\/bang.ca\/fr\/\",\"name\":\"Home\"}},{\"@type\":\"ListItem\",\"position\":2,\"item\":{\"@id\":\"https:\/\/bang.ca\/fr\/connexion-client\/#webpage\"}}]}]}<\/script>\n<!-- \/ Yoast SEO plugin. -->","_links":{"self":[{"href":"https:\/\/bang.ca\/fr\/wp-json\/wp\/v2\/pages\/4140","targetHints":{"allow":["GET"]}}],"collection":[{"href":"https:\/\/bang.ca\/fr\/wp-json\/wp\/v2\/pages"}],"about":[{"href":"https:\/\/bang.ca\/fr\/wp-json\/wp\/v2\/types\/page"}],"author":[{"embeddable":true,"href":"https:\/\/bang.ca\/fr\/wp-json\/wp\/v2\/users\/5"}],"replies":[{"embeddable":true,"href":"https:\/\/bang.ca\/fr\/wp-json\/wp\/v2\/comments?post=4140"}],"version-history":[{"count":3,"href":"https:\/\/bang.ca\/fr\/wp-json\/wp\/v2\/pages\/4140\/revisions"}],"predecessor-version":[{"id":15584,"href":"https:\/\/bang.ca\/fr\/wp-json\/wp\/v2\/pages\/4140\/revisions\/15584"}],"wp:featuredmedia":[{"embeddable":true,"href":"https:\/\/bang.ca\/fr\/wp-json\/wp\/v2\/media\/15827"}],"wp:attachment":[{"href":"https:\/\/bang.ca\/fr\/wp-json\/wp\/v2\/media?parent=4140"}],"curies":[{"name":"wp","href":"https:\/\/api.w.org\/{rel}","templated":true}]}}