{"id":4138,"date":"2015-08-10T17:14:11","date_gmt":"2015-08-10T21:14:11","guid":{"rendered":"https:\/\/bang.ca\/?page_id=4138"},"modified":"2021-01-06T13:40:04","modified_gmt":"2021-01-06T18:40:04","slug":"productivit","status":"publish","type":"page","link":"https:\/\/bang.ca\/fr\/services\/services-infonuagiques\/productivit\/","title":{"rendered":"PRODUCTIVIT \u2122"},"content":{"rendered":"<p>[vc_row css=\u00a0\u00bb.vc_custom_1593094366490{margin-bottom: 50px !important;}\u00a0\u00bb kswr_row_top_decor_enabled=\u00a0\u00bbfalse\u00a0\u00bb kswr_row_bottom_decor_enabled=\u00a0\u00bbfalse\u00a0\u00bb][vc_column][vc_column_text]<\/p>\n<h4 style=\"text-align: center;\">BANG offre une suite de services cloud pour aider les entreprises \u00e0 optimiser la productivit\u00e9 des employ\u00e9s.<\/h4>\n<p>[\/vc_column_text][\/vc_column][\/vc_row][vc_section css=\u00a0\u00bb.vc_custom_1593096372410{margin-bottom: 50px !important;}\u00a0\u00bb][vc_row parallax=\u00a0\u00bbcontent-moving-fade\u00a0\u00bb css=\u00a0\u00bb.vc_custom_1593094459296{margin-bottom: 25px !important;}\u00a0\u00bb kswr_row_top_decor_enabled=\u00a0\u00bbfalse\u00a0\u00bb kswr_row_bottom_decor_enabled=\u00a0\u00bbfalse\u00a0\u00bb][vc_column width=\u00a0\u00bb1\/6&Prime;][\/vc_column][vc_column width=\u00a0\u00bb2\/3&Prime;][vc_row_inner equal_height=\u00a0\u00bbyes\u00a0\u00bb content_placement=\u00a0\u00bbtop\u00a0\u00bb][vc_column_inner width=\u00a0\u00bb1\/2&Prime; css=\u00a0\u00bb.vc_custom_1593437727695{padding-top: 20px !important;padding-right: 20px !important;padding-bottom: 20px !important;padding-left: 20px !important;}\u00a0\u00bb][vc_column_text el_class=\u00a0\u00bbfa fa-sellsy\u00a0\u00bb]<\/p>\n<h3>SyncNode de PRODUCTIV<span class=\"it-orange\">IT<\/span>\u00a0<sup>MC<\/sup><\/h3>\n<p>[\/vc_column_text][vc_headings style=\u00a0\u00bbtheme3&Prime; linewidth=\u00a0\u00bb50&Prime; borderwidth=\u00a0\u00bb3&Prime; borderclr=\u00a0\u00bb#ff6400&Prime; align=\u00a0\u00bbleft\u00a0\u00bb title=\u00a0\u00bb\u00a0\u00bb titleclr=\u00a0\u00bb#000000&Prime;][\/vc_headings][vc_column_text]Un service s\u00e9curis\u00e9 de synchronisation des fichiers dans le nuage : travaillez n\u2019importe o\u00f9, sur n\u2019importe quel appareil, avec n\u2019importe qui et n\u2019importe quel contenu, sans compromis sur la s\u00e9curit\u00e9 ou le contr\u00f4le. Administrez tous vos dossiers clients depuis un seul tableau de bord et d\u00e9finissez des politiques d\u2019utilisation propres \u00e0 votre entreprise. Il n\u2019a jamais \u00e9t\u00e9 aussi facile de partager, de collaborer et de restaurer des fichiers perdus \u00e0 partir du nuage.[\/vc_column_text][\/vc_column_inner][vc_column_inner width=\u00a0\u00bb1\/2&Prime; css=\u00a0\u00bb.vc_custom_1593095425311{padding: 20px !important;}\u00a0\u00bb][vc_column_text el_class=\u00a0\u00bbfa fa-trash-o\u00a0\u00bb]<\/p>\n<h3>Antipourriel de PRODUCTIV<span class=\"it-orange\">IT<\/span>\u00a0<sup>MC<\/sup><\/h3>\n<p>[\/vc_column_text][vc_headings style=\u00a0\u00bbtheme3&Prime; linewidth=\u00a0\u00bb50&Prime; borderwidth=\u00a0\u00bb3&Prime; borderclr=\u00a0\u00bb#ff6400&Prime; align=\u00a0\u00bbleft\u00a0\u00bb title=\u00a0\u00bb\u00a0\u00bb titleclr=\u00a0\u00bb#000000&Prime;][\/vc_headings][vc_column_text]Supprimez les pourriels avant qu\u2019ils n\u2019atteignent votre r\u00e9seau! D\u00e9sencombrez les bo\u00eetes de courriel et prot\u00e9gez les bo\u00eetes de r\u00e9ception de vos employ\u00e9s contre les courriels malveillants et les attaques propag\u00e9es par courriel. Les listes blanches personnalis\u00e9es &#8211; pour l\u2019entreprise et par utilisateur &#8211; ainsi que la cr\u00e9ation et la suppression automatiques de comptes utilisateurs simplifient l\u2019ajout et la suppression d\u2019adresses sans intervention. Une technologie unique d\u2019ouverture de session maintient un mot de passe utilisateur unique partout sur notre portail et dans votre r\u00e9seau.[\/vc_column_text][\/vc_column_inner][\/vc_row_inner][\/vc_column][vc_column width=\u00a0\u00bb1\/6&Prime;][\/vc_column][\/vc_row][vc_row parallax=\u00a0\u00bbcontent-moving-fade\u00a0\u00bb css=\u00a0\u00bb.vc_custom_1593094459296{margin-bottom: 25px !important;}\u00a0\u00bb kswr_row_top_decor_enabled=\u00a0\u00bbfalse\u00a0\u00bb kswr_row_bottom_decor_enabled=\u00a0\u00bbfalse\u00a0\u00bb][vc_column width=\u00a0\u00bb1\/6&Prime;][\/vc_column][vc_column width=\u00a0\u00bb2\/3&Prime;][vc_row_inner equal_height=\u00a0\u00bbyes\u00a0\u00bb content_placement=\u00a0\u00bbtop\u00a0\u00bb][vc_column_inner width=\u00a0\u00bb1\/2&Prime; css=\u00a0\u00bb.vc_custom_1593095410726{padding: 20px !important;}\u00a0\u00bb][vc_column_text el_class=\u00a0\u00bbfa fa-video-camera\u00a0\u00bb]<\/p>\n<h3>Surveillance des employ\u00e9s PRODUCTIV<span class=\"it-orange\">IT<\/span>\u00a0<sup>MC<\/sup><\/h3>\n<p>[\/vc_column_text][vc_headings style=\u00a0\u00bbtheme3&Prime; linewidth=\u00a0\u00bb50&Prime; borderwidth=\u00a0\u00bb3&Prime; borderclr=\u00a0\u00bb#ff6400&Prime; align=\u00a0\u00bbleft\u00a0\u00bb title=\u00a0\u00bb\u00a0\u00bb titleclr=\u00a0\u00bb#000000&Prime;][\/vc_headings][vc_column_text]La surveillance des employ\u00e9s par PRODUCTIV<span class=\"it-orange\">IT <\/span><sup>MC<\/sup> : Comprenez ce que vos employ\u00e9s font de leur emploi du temps. Notre solution de surveillance CES vous permet de surveiller l\u2019activit\u00e9 de vos employ\u00e9s sans porter atteinte \u00e0 leur vie priv\u00e9e. Les classifications d\u2019applications et du trafic Internet permettent l\u2019\u00e9tablissement de tableaux faciles \u00e0 lire pour d\u00e9terminer les niveaux de productivit\u00e9 et rep\u00e9rer les secteurs qui posent probl\u00e8me. Des rapports programm\u00e9s \u00e9tablissant le classement des 10 principales activit\u00e9s sont remis r\u00e9guli\u00e8rement aux gestionnaires, qui peuvent traiter les probl\u00e8mes avant que ceux-ci ne deviennent ing\u00e9rables. Des horodateurs \u00e9lectroniques facultatifs permettent aussi de dresser des bilans sur la pr\u00e9sence et le temps de travail des employ\u00e9s.[\/vc_column_text][\/vc_column_inner][vc_column_inner width=\u00a0\u00bb1\/2&Prime; css=\u00a0\u00bb.vc_custom_1593095425311{padding: 20px !important;}\u00a0\u00bb][vc_column_text el_class=\u00a0\u00bbfa fa-shield\u00a0\u00bb]<\/p>\n<h3>Protection des postes de travail par PRODUCTIV<span class=\"it-orange\">IT<\/span>\u00a0<sup>MC<\/sup><\/h3>\n<p>[\/vc_column_text][vc_headings style=\u00a0\u00bbtheme3&Prime; linewidth=\u00a0\u00bb50&Prime; borderwidth=\u00a0\u00bb3&Prime; borderclr=\u00a0\u00bb#ff6400&Prime; align=\u00a0\u00bbleft\u00a0\u00bb title=\u00a0\u00bb\u00a0\u00bb titleclr=\u00a0\u00bb#000000&Prime;][\/vc_headings][vc_column_text]L&rsquo;antivirus de PRODUCTIV<span class=\"it-orange\">IT<\/span> <sup>MC<\/sup> de cat\u00e9gorie entreprise est une solution anti-logiciel espion et antivirus g\u00e9r\u00e9e depuis notre nuage personnel. Il fonctionne ind\u00e9pendamment du domaine ou de la s\u00e9curit\u00e9 locale, et ses mises \u00e0 jour s\u2019effectuent m\u00eame quand les employ\u00e9s sont en d\u00e9placement. Profitez des \u00e9valuations de menaces que nous emmagasinons dans notre nuage personnel afin de pouvoir r\u00e9agir aux toutes derni\u00e8res menaces et attaques.[\/vc_column_text][\/vc_column_inner][\/vc_row_inner][\/vc_column][vc_column width=\u00a0\u00bb1\/6&Prime;][\/vc_column][\/vc_row][\/vc_section][vc_row full_width=\u00a0\u00bbstretch_row\u00a0\u00bb content_placement=\u00a0\u00bbmiddle\u00a0\u00bb parallax=\u00a0\u00bbcontent-moving-fade\u00a0\u00bb type=\u00a0\u00bbpixflaticon\u00a0\u00bb icon_pixflaticon=\u00a0\u00bbflaticon-call37&Prime; css=\u00a0\u00bb.vc_custom_1594670475645{padding-top: 25px !important;padding-bottom: 25px !important;background-color: #ff6400 !important;}\u00a0\u00bb kswr_row_top_decor_enabled=\u00a0\u00bbfalse\u00a0\u00bb kswr_row_bottom_decor_enabled=\u00a0\u00bbfalse\u00a0\u00bb el_class=\u00a0\u00bbcontact_form_row vc_custom_1594669212743&Prime;][vc_column width=\u00a0\u00bb1\/6&Prime; css=\u00a0\u00bb.vc_custom_1593096338878{padding-right: 25% !important;padding-left: 25% !important;}\u00a0\u00bb][\/vc_column][vc_column width=\u00a0\u00bb2\/3&Prime;][vc_headings style=\u00a0\u00bbtheme3&Prime; linewidth=\u00a0\u00bb50&Prime; borderwidth=\u00a0\u00bb3&Prime; borderclr=\u00a0\u00bb#ffffff\u00a0\u00bb title=\u00a0\u00bbProfitez des avantages du nuage\u00a0\u00bb titleclr=\u00a0\u00bb#ffffff\u00a0\u00bb][\/vc_headings][vc_column_text]<\/p>\n<p style=\"text-align: center;\">Contactez nos experts en infonuagique<\/p>\n<p>[\/vc_column_text][vc_empty_space height=\u00a0\u00bb25&Prime;][vc_btn title=\u00a0\u00bbParlons-en!\u00a0\u00bb color=\u00a0\u00bbwarning\u00a0\u00bb align=\u00a0\u00bbcenter\u00a0\u00bb link=\u00a0\u00bburl:%2Ffr%2Fcontactez-nous%2F|title:Contact%20Bang||\u00a0\u00bb el_class=\u00a0\u00bbwpcf7-submit\u00a0\u00bb][\/vc_column][vc_column width=\u00a0\u00bb1\/6&Prime;][\/vc_column][\/vc_row]<\/p>\n","protected":false},"excerpt":{"rendered":"<p>[vc_row css=\u00a0\u00bb.vc_custom_1593094366490{margin-bottom: 50px !important;}\u00a0\u00bb kswr_row_top_decor_enabled=\u00a0\u00bbfalse\u00a0\u00bb kswr_row_bottom_decor_enabled=\u00a0\u00bbfalse\u00a0\u00bb][vc_column][vc_column_text] BANG offre une suite de services cloud pour aider les entreprises \u00e0 optimiser la productivit\u00e9 des employ\u00e9s. [\/vc_column_text][\/vc_column][\/vc_row][vc_section css=\u00a0\u00bb.vc_custom_1593096372410{margin-bottom: 50px !important;}\u00a0\u00bb][vc_row parallax=\u00a0\u00bbcontent-moving-fade\u00a0\u00bb css=\u00a0\u00bb.vc_custom_1593094459296{margin-bottom: 25px !important;}\u00a0\u00bb kswr_row_top_decor_enabled=\u00a0\u00bbfalse\u00a0\u00bb kswr_row_bottom_decor_enabled=\u00a0\u00bbfalse\u00a0\u00bb][vc_column width=\u00a0\u00bb1\/6&Prime;][\/vc_column][vc_column width=\u00a0\u00bb2\/3&Prime;][vc_row_inner equal_height=\u00a0\u00bbyes\u00a0\u00bb content_placement=\u00a0\u00bbtop\u00a0\u00bb][vc_column_inner width=\u00a0\u00bb1\/2&Prime; css=\u00a0\u00bb.vc_custom_1593437727695{padding-top: 20px !important;padding-right: 20px !important;padding-bottom: 20px !important;padding-left: 20px !important;}\u00a0\u00bb][vc_column_text el_class=\u00a0\u00bbfa fa-sellsy\u00a0\u00bb] SyncNode de PRODUCTIVIT\u00a0MC [\/vc_column_text][vc_headings style=\u00a0\u00bbtheme3&Prime; linewidth=\u00a0\u00bb50&Prime; [&hellip;]<\/p>\n","protected":false},"author":3,"featured_media":15784,"parent":14849,"menu_order":3,"comment_status":"closed","ping_status":"closed","template":"","meta":{"footnotes":""},"class_list":["post-4138","page","type-page","status-publish","has-post-thumbnail","hentry"],"yoast_head":"<!-- This site is optimized with the Yoast SEO plugin v16.2 - https:\/\/yoast.com\/wordpress\/plugins\/seo\/ -->\n<title>Bang - Services infonuagiques l PRODUCTIVIT \u2122 l Montr\u00e9al et Qu\u00e9bec<\/title>\n<meta name=\"description\" content=\"PRODUCTIVIT \u2122 est une gamme de services cloud qui aident les petites entreprises \u00e0 optimiser la productivit\u00e9 de leurs employ\u00e9s.\" \/>\n<meta name=\"robots\" content=\"index, follow, max-snippet:-1, max-image-preview:large, max-video-preview:-1\" \/>\n<link rel=\"canonical\" href=\"https:\/\/bang.ca\/fr\/services\/services-infonuagiques\/productivit\/\" \/>\n<meta property=\"og:locale\" content=\"fr_FR\" \/>\n<meta property=\"og:type\" content=\"article\" \/>\n<meta property=\"og:title\" content=\"Bang - Services infonuagiques l PRODUCTIVIT \u2122 l Montr\u00e9al et Qu\u00e9bec\" \/>\n<meta property=\"og:description\" content=\"PRODUCTIVIT \u2122 est une gamme de services cloud qui aident les petites entreprises \u00e0 optimiser la productivit\u00e9 de leurs employ\u00e9s.\" \/>\n<meta property=\"og:url\" content=\"https:\/\/bang.ca\/fr\/services\/services-infonuagiques\/productivit\/\" \/>\n<meta property=\"og:site_name\" content=\"BANG - Experts Cloud\" \/>\n<meta property=\"article:modified_time\" content=\"2021-01-06T18:40:04+00:00\" \/>\n<meta property=\"og:image\" content=\"https:\/\/bang.ca\/wp-content\/uploads\/2021\/01\/header-ProductivIT.jpg\" \/>\n\t<meta property=\"og:image:width\" content=\"1920\" \/>\n\t<meta property=\"og:image:height\" content=\"838\" \/>\n<meta name=\"twitter:card\" content=\"summary_large_image\" \/>\n<meta name=\"twitter:site\" content=\"@IndustriesBANG\" \/>\n<meta name=\"twitter:label1\" content=\"Dur\u00e9e de lecture est.\">\n\t<meta name=\"twitter:data1\" content=\"4 minutes\">\n<script type=\"application\/ld+json\" class=\"yoast-schema-graph\">{\"@context\":\"https:\/\/schema.org\",\"@graph\":[{\"@type\":\"Organization\",\"@id\":\"https:\/\/bang.ca\/fr\/#organization\",\"name\":\"BANG\",\"url\":\"https:\/\/bang.ca\/fr\/\",\"sameAs\":[\"https:\/\/www.linkedin.com\/company\/1263889?trk=cws-btn-overview-0-0\",\"https:\/\/twitter.com\/IndustriesBANG\"],\"logo\":{\"@type\":\"ImageObject\",\"@id\":\"https:\/\/bang.ca\/fr\/#logo\",\"inLanguage\":\"fr-FR\",\"url\":\"https:\/\/bang.ca\/wp-content\/uploads\/2015\/04\/bang_logo.png\",\"contentUrl\":\"https:\/\/bang.ca\/wp-content\/uploads\/2015\/04\/bang_logo.png\",\"width\":84,\"height\":94,\"caption\":\"BANG\"},\"image\":{\"@id\":\"https:\/\/bang.ca\/fr\/#logo\"}},{\"@type\":\"WebSite\",\"@id\":\"https:\/\/bang.ca\/fr\/#website\",\"url\":\"https:\/\/bang.ca\/fr\/\",\"name\":\"BANG - Experts Cloud\",\"description\":\"Simplifiez vos T.I.\",\"publisher\":{\"@id\":\"https:\/\/bang.ca\/fr\/#organization\"},\"potentialAction\":[{\"@type\":\"SearchAction\",\"target\":\"https:\/\/bang.ca\/fr\/?s={search_term_string}\",\"query-input\":\"required name=search_term_string\"}],\"inLanguage\":\"fr-FR\"},{\"@type\":\"ImageObject\",\"@id\":\"https:\/\/bang.ca\/fr\/services\/services-infonuagiques\/productivit\/#primaryimage\",\"inLanguage\":\"fr-FR\",\"url\":\"https:\/\/bang.ca\/wp-content\/uploads\/2021\/01\/header-ProductivIT.jpg\",\"contentUrl\":\"https:\/\/bang.ca\/wp-content\/uploads\/2021\/01\/header-ProductivIT.jpg\",\"width\":1920,\"height\":838,\"caption\":\"ProductivIT services\"},{\"@type\":\"WebPage\",\"@id\":\"https:\/\/bang.ca\/fr\/services\/services-infonuagiques\/productivit\/#webpage\",\"url\":\"https:\/\/bang.ca\/fr\/services\/services-infonuagiques\/productivit\/\",\"name\":\"Bang - Services infonuagiques l PRODUCTIVIT \\u2122 l Montr\\u00e9al et Qu\\u00e9bec\",\"isPartOf\":{\"@id\":\"https:\/\/bang.ca\/fr\/#website\"},\"primaryImageOfPage\":{\"@id\":\"https:\/\/bang.ca\/fr\/services\/services-infonuagiques\/productivit\/#primaryimage\"},\"datePublished\":\"2015-08-10T21:14:11+00:00\",\"dateModified\":\"2021-01-06T18:40:04+00:00\",\"description\":\"PRODUCTIVIT \\u2122 est une gamme de services cloud qui aident les petites entreprises \\u00e0 optimiser la productivit\\u00e9 de leurs employ\\u00e9s.\",\"breadcrumb\":{\"@id\":\"https:\/\/bang.ca\/fr\/services\/services-infonuagiques\/productivit\/#breadcrumb\"},\"inLanguage\":\"fr-FR\",\"potentialAction\":[{\"@type\":\"ReadAction\",\"target\":[\"https:\/\/bang.ca\/fr\/services\/services-infonuagiques\/productivit\/\"]}]},{\"@type\":\"BreadcrumbList\",\"@id\":\"https:\/\/bang.ca\/fr\/services\/services-infonuagiques\/productivit\/#breadcrumb\",\"itemListElement\":[{\"@type\":\"ListItem\",\"position\":1,\"item\":{\"@type\":\"WebPage\",\"@id\":\"https:\/\/bang.ca\/fr\/\",\"url\":\"https:\/\/bang.ca\/fr\/\",\"name\":\"Home\"}},{\"@type\":\"ListItem\",\"position\":2,\"item\":{\"@type\":\"WebPage\",\"@id\":\"https:\/\/bang.ca\/fr\/services\/\",\"url\":\"https:\/\/bang.ca\/fr\/services\/\",\"name\":\"Services\"}},{\"@type\":\"ListItem\",\"position\":3,\"item\":{\"@type\":\"WebPage\",\"@id\":\"https:\/\/bang.ca\/fr\/services\/services-infonuagiques\/\",\"url\":\"https:\/\/bang.ca\/fr\/services\/services-infonuagiques\/\",\"name\":\"Services infonuagiques\"}},{\"@type\":\"ListItem\",\"position\":4,\"item\":{\"@id\":\"https:\/\/bang.ca\/fr\/services\/services-infonuagiques\/productivit\/#webpage\"}}]}]}<\/script>\n<!-- \/ Yoast SEO plugin. -->","_links":{"self":[{"href":"https:\/\/bang.ca\/fr\/wp-json\/wp\/v2\/pages\/4138","targetHints":{"allow":["GET"]}}],"collection":[{"href":"https:\/\/bang.ca\/fr\/wp-json\/wp\/v2\/pages"}],"about":[{"href":"https:\/\/bang.ca\/fr\/wp-json\/wp\/v2\/types\/page"}],"author":[{"embeddable":true,"href":"https:\/\/bang.ca\/fr\/wp-json\/wp\/v2\/users\/3"}],"replies":[{"embeddable":true,"href":"https:\/\/bang.ca\/fr\/wp-json\/wp\/v2\/comments?post=4138"}],"version-history":[{"count":3,"href":"https:\/\/bang.ca\/fr\/wp-json\/wp\/v2\/pages\/4138\/revisions"}],"predecessor-version":[{"id":15793,"href":"https:\/\/bang.ca\/fr\/wp-json\/wp\/v2\/pages\/4138\/revisions\/15793"}],"up":[{"embeddable":true,"href":"https:\/\/bang.ca\/fr\/wp-json\/wp\/v2\/pages\/14849"}],"wp:featuredmedia":[{"embeddable":true,"href":"https:\/\/bang.ca\/fr\/wp-json\/wp\/v2\/media\/15784"}],"wp:attachment":[{"href":"https:\/\/bang.ca\/fr\/wp-json\/wp\/v2\/media?parent=4138"}],"curies":[{"name":"wp","href":"https:\/\/api.w.org\/{rel}","templated":true}]}}