{"id":14853,"date":"2020-06-30T14:15:46","date_gmt":"2020-06-30T18:15:46","guid":{"rendered":"https:\/\/bang.ca\/?page_id=14853"},"modified":"2021-01-06T14:43:23","modified_gmt":"2021-01-06T19:43:23","slug":"contactez-nous","status":"publish","type":"page","link":"https:\/\/bang.ca\/fr\/contactez-nous\/","title":{"rendered":"Contactez-nous"},"content":{"rendered":"<p>[vc_row css=\u00a0\u00bb.vc_custom_1459105373109{padding-bottom: 20px !important;}\u00a0\u00bb][vc_column][vc_column_text css=\u00a0\u00bb.vc_custom_1594755757290{margin-top: -10px !important;}\u00a0\u00bb]<\/p>\n<h2 style=\"text-align: center;\">COMMENT POUVONS-NOUS AM\u00c9LIORER VOTRE ENTREPRISE?<\/h2>\n<h3 style=\"text-align: center;\">NOTRE \u00c9QUIPE D&rsquo;EXPERTS EST L\u00c0 POUR VOUS AIDER!<\/h3>\n<p style=\"text-align: center;\">Que vous ayez des questions sur nos services informatiques, que vous ayez besoin d&rsquo;assistance pour un probl\u00e8me urgent ou que vous souhaitiez une \u00e9valuation gratuite qui nous permettra de proposer la solution id\u00e9ale pour votre environnement informatique, envoyez-nous un message et nous vous r\u00e9pondrons rapidement.<\/p>\n<h5><\/h5>\n<p>[\/vc_column_text][vc_row_inner css=\u00a0\u00bb.vc_custom_1593196742826{padding-top: 30px !important;}\u00a0\u00bb el_class=\u00a0\u00bbcontact_form_row white-bg\u00a0\u00bb][vc_column_inner][vc_column_text]<div role=\"form\" class=\"wpcf7\" id=\"wpcf7-f4448-o1\" lang=\"en-US\" dir=\"ltr\">\n<div class=\"screen-reader-response\"><p role=\"status\" aria-live=\"polite\" aria-atomic=\"true\"><\/p> <ul><\/ul><\/div>\n<form action=\"\/fr\/wp-json\/wp\/v2\/pages\/14853#wpcf7-f4448-o1\" method=\"post\" class=\"wpcf7-form init\" novalidate=\"novalidate\" data-status=\"init\">\n<div style=\"display: none;\">\n<input type=\"hidden\" name=\"_wpcf7\" value=\"4448\" \/>\n<input type=\"hidden\" name=\"_wpcf7_version\" value=\"5.4.1\" \/>\n<input type=\"hidden\" name=\"_wpcf7_locale\" value=\"en_US\" \/>\n<input type=\"hidden\" name=\"_wpcf7_unit_tag\" value=\"wpcf7-f4448-o1\" \/>\n<input type=\"hidden\" name=\"_wpcf7_container_post\" value=\"0\" \/>\n<input type=\"hidden\" name=\"_wpcf7_posted_data_hash\" value=\"\" \/>\n<input type=\"hidden\" name=\"_wpcf7_recaptcha_response\" value=\"\" \/>\n<\/div>\n<div class=\"vc_row wpb_row vc_row-fluid\">\n<div class=\"wpb_column vc_column_container vc_col-sm-6 text-align-right\">\n<span class=\"wpcf7-form-control-wrap your-name\"><input type=\"text\" name=\"your-name\" value=\"\" size=\"40\" class=\"wpcf7-form-control wpcf7-text wpcf7-validates-as-required\" aria-required=\"true\" aria-invalid=\"false\" placeholder=\"Votre nom*\" \/><\/span>\n<span class=\"wpcf7-form-control-wrap your-company\"><input type=\"text\" name=\"your-company\" value=\"\" size=\"40\" class=\"wpcf7-form-control wpcf7-text wpcf7-validates-as-required\" aria-required=\"true\" aria-invalid=\"false\" placeholder=\"Nom de votre compagnie*\" \/><\/span>\n<span class=\"wpcf7-form-control-wrap your-email\"><input type=\"email\" name=\"your-email\" value=\"\" size=\"40\" class=\"wpcf7-form-control wpcf7-text wpcf7-email wpcf7-validates-as-required wpcf7-validates-as-email\" aria-required=\"true\" aria-invalid=\"false\" placeholder=\"Votre courriel*\" \/><\/span>\n<span class=\"wpcf7-form-control-wrap your-number\"><input type=\"tel\" name=\"your-number\" value=\"\" size=\"40\" class=\"wpcf7-form-control wpcf7-text wpcf7-tel wpcf7-validates-as-tel\" aria-invalid=\"false\" placeholder=\"Votre num\u00e9ro de t\u00e9l\u00e9phone*\" \/><\/span>\n<\/div>\n<div class=\"wpb_column vc_column_container vc_col-sm-6\">\n<span class=\"wpcf7-form-control-wrap your-message\"><textarea name=\"your-message\" cols=\"40\" rows=\"10\" class=\"wpcf7-form-control wpcf7-textarea\" aria-invalid=\"false\" placeholder=\"Votre Message*\"><\/textarea><\/span>\n<input type=\"submit\" value=\"Send\" class=\"wpcf7-form-control wpcf7-submit\" \/>\n<\/div>\n<\/div><div class=\"wpcf7-response-output\" aria-hidden=\"true\"><\/div><\/form><\/div>[\/vc_column_text][\/vc_column_inner][\/vc_row_inner][\/vc_column][\/vc_row]<\/p>\n","protected":false},"excerpt":{"rendered":"<p>[vc_row css=\u00a0\u00bb.vc_custom_1459105373109{padding-bottom: 20px !important;}\u00a0\u00bb][vc_column][vc_column_text css=\u00a0\u00bb.vc_custom_1594755757290{margin-top: -10px !important;}\u00a0\u00bb] COMMENT POUVONS-NOUS AM\u00c9LIORER VOTRE ENTREPRISE? NOTRE \u00c9QUIPE D&rsquo;EXPERTS EST L\u00c0 POUR VOUS AIDER! Que vous ayez des questions sur nos services informatiques, que vous ayez besoin d&rsquo;assistance pour un probl\u00e8me urgent ou que vous souhaitiez une \u00e9valuation gratuite qui nous permettra de proposer la solution id\u00e9ale pour votre [&hellip;]<\/p>\n","protected":false},"author":14,"featured_media":15824,"parent":0,"menu_order":4,"comment_status":"closed","ping_status":"closed","template":"","meta":{"footnotes":""},"class_list":["post-14853","page","type-page","status-publish","has-post-thumbnail","hentry"],"yoast_head":"<!-- This site is optimized with the Yoast SEO plugin v16.2 - https:\/\/yoast.com\/wordpress\/plugins\/seo\/ -->\n<title>BANG - Contactez nos experts pour vos projets TI l 514-949-2336<\/title>\n<meta name=\"description\" content=\"Contactez-nous d\u00e8s maintenant pour vos questions sur nos services informatiques, si vous ayez besoin d&#039;assistance pour un probl\u00e8me urgent ou que vous souhaitiez une \u00e9valuation gratuite qui nous permettra de proposer la solution id\u00e9ale pour votre environnement TI.\" \/>\n<meta name=\"robots\" content=\"index, follow, max-snippet:-1, max-image-preview:large, max-video-preview:-1\" \/>\n<link rel=\"canonical\" href=\"https:\/\/bang.ca\/fr\/contactez-nous\/\" \/>\n<meta property=\"og:locale\" content=\"fr_FR\" \/>\n<meta property=\"og:type\" content=\"article\" \/>\n<meta property=\"og:title\" content=\"BANG - Contactez nos experts pour vos projets TI l 514-949-2336\" \/>\n<meta property=\"og:description\" content=\"Contactez-nous d\u00e8s maintenant pour vos questions sur nos services informatiques, si vous ayez besoin d&#039;assistance pour un probl\u00e8me urgent ou que vous souhaitiez une \u00e9valuation gratuite qui nous permettra de proposer la solution id\u00e9ale pour votre environnement TI.\" \/>\n<meta property=\"og:url\" content=\"https:\/\/bang.ca\/fr\/contactez-nous\/\" \/>\n<meta property=\"og:site_name\" content=\"BANG - Experts Cloud\" \/>\n<meta property=\"article:modified_time\" content=\"2021-01-06T19:43:23+00:00\" \/>\n<meta property=\"og:image\" content=\"https:\/\/bang.ca\/wp-content\/uploads\/2021\/01\/Header-Contact-Us.jpg\" \/>\n\t<meta property=\"og:image:width\" content=\"1920\" \/>\n\t<meta property=\"og:image:height\" content=\"838\" \/>\n<meta name=\"twitter:card\" content=\"summary_large_image\" \/>\n<meta name=\"twitter:site\" content=\"@IndustriesBANG\" \/>\n<meta name=\"twitter:label1\" content=\"Dur\u00e9e de lecture est.\">\n\t<meta name=\"twitter:data1\" content=\"1 minute\">\n<script type=\"application\/ld+json\" class=\"yoast-schema-graph\">{\"@context\":\"https:\/\/schema.org\",\"@graph\":[{\"@type\":\"Organization\",\"@id\":\"https:\/\/bang.ca\/fr\/#organization\",\"name\":\"BANG\",\"url\":\"https:\/\/bang.ca\/fr\/\",\"sameAs\":[\"https:\/\/www.linkedin.com\/company\/1263889?trk=cws-btn-overview-0-0\",\"https:\/\/twitter.com\/IndustriesBANG\"],\"logo\":{\"@type\":\"ImageObject\",\"@id\":\"https:\/\/bang.ca\/fr\/#logo\",\"inLanguage\":\"fr-FR\",\"url\":\"https:\/\/bang.ca\/wp-content\/uploads\/2015\/04\/bang_logo.png\",\"contentUrl\":\"https:\/\/bang.ca\/wp-content\/uploads\/2015\/04\/bang_logo.png\",\"width\":84,\"height\":94,\"caption\":\"BANG\"},\"image\":{\"@id\":\"https:\/\/bang.ca\/fr\/#logo\"}},{\"@type\":\"WebSite\",\"@id\":\"https:\/\/bang.ca\/fr\/#website\",\"url\":\"https:\/\/bang.ca\/fr\/\",\"name\":\"BANG - Experts Cloud\",\"description\":\"Simplifiez vos T.I.\",\"publisher\":{\"@id\":\"https:\/\/bang.ca\/fr\/#organization\"},\"potentialAction\":[{\"@type\":\"SearchAction\",\"target\":\"https:\/\/bang.ca\/fr\/?s={search_term_string}\",\"query-input\":\"required name=search_term_string\"}],\"inLanguage\":\"fr-FR\"},{\"@type\":\"ImageObject\",\"@id\":\"https:\/\/bang.ca\/fr\/contactez-nous\/#primaryimage\",\"inLanguage\":\"fr-FR\",\"url\":\"https:\/\/bang.ca\/wp-content\/uploads\/2021\/01\/Header-Contact-Us.jpg\",\"contentUrl\":\"https:\/\/bang.ca\/wp-content\/uploads\/2021\/01\/Header-Contact-Us.jpg\",\"width\":1920,\"height\":838,\"caption\":\"Contactez-nous\"},{\"@type\":\"WebPage\",\"@id\":\"https:\/\/bang.ca\/fr\/contactez-nous\/#webpage\",\"url\":\"https:\/\/bang.ca\/fr\/contactez-nous\/\",\"name\":\"BANG - Contactez nos experts pour vos projets TI l 514-949-2336\",\"isPartOf\":{\"@id\":\"https:\/\/bang.ca\/fr\/#website\"},\"primaryImageOfPage\":{\"@id\":\"https:\/\/bang.ca\/fr\/contactez-nous\/#primaryimage\"},\"datePublished\":\"2020-06-30T18:15:46+00:00\",\"dateModified\":\"2021-01-06T19:43:23+00:00\",\"description\":\"Contactez-nous d\\u00e8s maintenant pour vos questions sur nos services informatiques, si vous ayez besoin d'assistance pour un probl\\u00e8me urgent ou que vous souhaitiez une \\u00e9valuation gratuite qui nous permettra de proposer la solution id\\u00e9ale pour votre environnement TI.\",\"breadcrumb\":{\"@id\":\"https:\/\/bang.ca\/fr\/contactez-nous\/#breadcrumb\"},\"inLanguage\":\"fr-FR\",\"potentialAction\":[{\"@type\":\"ReadAction\",\"target\":[\"https:\/\/bang.ca\/fr\/contactez-nous\/\"]}]},{\"@type\":\"BreadcrumbList\",\"@id\":\"https:\/\/bang.ca\/fr\/contactez-nous\/#breadcrumb\",\"itemListElement\":[{\"@type\":\"ListItem\",\"position\":1,\"item\":{\"@type\":\"WebPage\",\"@id\":\"https:\/\/bang.ca\/fr\/\",\"url\":\"https:\/\/bang.ca\/fr\/\",\"name\":\"Home\"}},{\"@type\":\"ListItem\",\"position\":2,\"item\":{\"@id\":\"https:\/\/bang.ca\/fr\/contactez-nous\/#webpage\"}}]}]}<\/script>\n<!-- \/ Yoast SEO plugin. -->","_links":{"self":[{"href":"https:\/\/bang.ca\/fr\/wp-json\/wp\/v2\/pages\/14853","targetHints":{"allow":["GET"]}}],"collection":[{"href":"https:\/\/bang.ca\/fr\/wp-json\/wp\/v2\/pages"}],"about":[{"href":"https:\/\/bang.ca\/fr\/wp-json\/wp\/v2\/types\/page"}],"author":[{"embeddable":true,"href":"https:\/\/bang.ca\/fr\/wp-json\/wp\/v2\/users\/14"}],"replies":[{"embeddable":true,"href":"https:\/\/bang.ca\/fr\/wp-json\/wp\/v2\/comments?post=14853"}],"version-history":[{"count":3,"href":"https:\/\/bang.ca\/fr\/wp-json\/wp\/v2\/pages\/14853\/revisions"}],"predecessor-version":[{"id":15606,"href":"https:\/\/bang.ca\/fr\/wp-json\/wp\/v2\/pages\/14853\/revisions\/15606"}],"wp:featuredmedia":[{"embeddable":true,"href":"https:\/\/bang.ca\/fr\/wp-json\/wp\/v2\/media\/15824"}],"wp:attachment":[{"href":"https:\/\/bang.ca\/fr\/wp-json\/wp\/v2\/media?parent=14853"}],"curies":[{"name":"wp","href":"https:\/\/api.w.org\/{rel}","templated":true}]}}