{"id":14852,"date":"2020-06-30T14:13:57","date_gmt":"2020-06-30T18:13:57","guid":{"rendered":"https:\/\/bang.ca\/?page_id=14852"},"modified":"2020-11-19T13:44:07","modified_gmt":"2020-11-19T18:44:07","slug":"microsoft-365","status":"publish","type":"page","link":"https:\/\/bang.ca\/fr\/services\/microsoft-365\/","title":{"rendered":"MICROSOFT 365"},"content":{"rendered":"<p>[vc_row css=\u00a0\u00bb.vc_custom_1593094366490{margin-bottom: 50px !important;}\u00a0\u00bb kswr_row_top_decor_enabled=\u00a0\u00bbfalse\u00a0\u00bb kswr_row_bottom_decor_enabled=\u00a0\u00bbfalse\u00a0\u00bb][vc_column][vc_column_text]Microsoft 365 fournit la solution de collaboration et de productivit\u00e9 infonuagique la plus compl\u00e8te et la plus s\u00e9curis\u00e9e qui soit, permettant aux entreprises de gagner du temps, de l&rsquo;argent et de lib\u00e9rer des ressources pr\u00e9cieuses.<\/p>\n<p>En tant que partenaire Microsoft Gold certifi\u00e9, notre \u00e9quipe vous aidera \u00e0 exploiter pleinement la puissance de Microsoft 365. Nous fournissons l&rsquo;expertise pour d\u00e9ployer et g\u00e9rer des solutions Microsoft 365 et l&rsquo;exp\u00e9rience pour transformer votre exp\u00e9rience de travail.[\/vc_column_text][\/vc_column][\/vc_row][vc_section css=\u00a0\u00bb.vc_custom_1593096372410{margin-bottom: 50px !important;}\u00a0\u00bb][vc_row css=\u00a0\u00bb.vc_custom_1593094183263{margin-bottom: 25px !important;}\u00a0\u00bb kswr_row_top_decor_enabled=\u00a0\u00bbfalse\u00a0\u00bb kswr_row_bottom_decor_enabled=\u00a0\u00bbfalse\u00a0\u00bb][vc_column][vc_custom_heading text=\u00a0\u00bbLes services Microsoft 365 offerts par Bang\u00a0\u00bb font_container=\u00a0\u00bbtag:h2|text_align:center\u00a0\u00bb use_theme_fonts=\u00a0\u00bbyes\u00a0\u00bb][\/vc_column][\/vc_row][vc_row equal_height=\u00a0\u00bbyes\u00a0\u00bb content_placement=\u00a0\u00bbtop\u00a0\u00bb parallax=\u00a0\u00bbcontent-moving-fade\u00a0\u00bb css=\u00a0\u00bb.vc_custom_1594234435235{margin-bottom: 25px !important;}\u00a0\u00bb kswr_row_top_decor_enabled=\u00a0\u00bbfalse\u00a0\u00bb kswr_row_bottom_decor_enabled=\u00a0\u00bbfalse\u00a0\u00bb el_class=\u00a0\u00bbmargin-bottom-50&Prime;][vc_column width=\u00a0\u00bb1\/3&Prime; css=\u00a0\u00bb.vc_custom_1594644891286{padding-top: 20px !important;padding-right: 20px !important;padding-bottom: 20px !important;padding-left: 20px !important;}\u00a0\u00bb el_id=\u00a0\u00bboffice-365&Prime; el_class=\u00a0\u00bbpadding-20px\u00a0\u00bb][vc_column_text el_class=\u00a0\u00bbfa fa-rocket\u00a0\u00bb]<\/p>\n<h3>Migration vers Office 365 et services de mise en oeuvre<\/h3>\n<p>[\/vc_column_text][vc_headings style=\u00a0\u00bbtheme3&Prime; linewidth=\u00a0\u00bb50&Prime; borderwidth=\u00a0\u00bb3&Prime; borderclr=\u00a0\u00bb#ff6400&Prime; align=\u00a0\u00bbleft\u00a0\u00bb title=\u00a0\u00bb\u00a0\u00bb titleclr=\u00a0\u00bb#000000&Prime;][\/vc_headings][vc_column_text]365 remporte un franc succ\u00e8s dans le monde des petites et moyennes entreprises. Des prix comp\u00e9titifs qui permettent aux PME d&rsquo;acc\u00e9der \u00e0 des fonctions de calibre grande entreprise, avec une exp\u00e9rience infonuagique simple et facile \u00e0 utiliser. BANG peut aider votre entreprise \u00e0 planifier le passage des syst\u00e8mes de messagerie internes ou FAI au cloud Office 365. B\u00e9n\u00e9ficiez de la puissance entreprise pour votre organisation, avec Office 365.[\/vc_column_text][\/vc_column][vc_column width=\u00a0\u00bb1\/3&Prime; css=\u00a0\u00bb.vc_custom_1594644900734{padding-top: 20px !important;padding-right: 20px !important;padding-bottom: 20px !important;padding-left: 20px !important;}\u00a0\u00bb el_id=\u00a0\u00bbteams\u00a0\u00bb el_class=\u00a0\u00bbpadding-20px\u00a0\u00bb][vc_column_text el_class=\u00a0\u00bbfa teams\u00a0\u00bb]<\/p>\n<h3>Mise en place de Teams et services de mise \u00e0 niveau<\/h3>\n<p>[\/vc_column_text][vc_headings style=\u00a0\u00bbtheme3&Prime; linewidth=\u00a0\u00bb50&Prime; borderwidth=\u00a0\u00bb3&Prime; borderclr=\u00a0\u00bb#ff6400&Prime; align=\u00a0\u00bbleft\u00a0\u00bb title=\u00a0\u00bb\u00a0\u00bb titleclr=\u00a0\u00bb#000000&Prime;][\/vc_headings][vc_column_text]Pr\u00eat \u00e0 faire passer la communication au niveau sup\u00e9rieur? Faites passer votre communication vocale dans le futur avec la plateforme de communication unifi\u00e9e ultime de Microsoft. Teams\u00a0 connecte les gens et les bureaux partout, dans le cadre de leur exp\u00e9rience de productivit\u00e9 quotidienne. Teams offre une exp\u00e9rience client unique et coh\u00e9rente pour la pr\u00e9sence, la messagerie\u00a0 instantan\u00e9e, la voix, la vid\u00e9o et une excellente exp\u00e9rience de r\u00e9union \u00e9galement.[\/vc_column_text][\/vc_column][vc_column width=\u00a0\u00bb1\/3&Prime; css=\u00a0\u00bb.vc_custom_1594644907807{padding-top: 20px !important;padding-right: 20px !important;padding-bottom: 20px !important;padding-left: 20px !important;}\u00a0\u00bb el_class=\u00a0\u00bbpadding-20px\u00a0\u00bb][vc_column_text el_class=\u00a0\u00bbfa fa-random\u00a0\u00bb]<\/p>\n<h3>Microsoft Active Directory Migration et mise \u00e0 niveau<\/h3>\n<p>[\/vc_column_text][vc_headings style=\u00a0\u00bbtheme3&Prime; linewidth=\u00a0\u00bb50&Prime; borderwidth=\u00a0\u00bb3&Prime; borderclr=\u00a0\u00bb#ff6400&Prime; align=\u00a0\u00bbleft\u00a0\u00bb title=\u00a0\u00bb\u00a0\u00bb titleclr=\u00a0\u00bb#000000&Prime;][\/vc_headings][vc_column_text]Vous souhaitez mettre \u00e0 jour votre environnement serveur pour acc\u00e9der aux technologies dernier cri? Ou encore fusionner des domaines apr\u00e8s une acquisition ou un changement de nom d\u2019entreprise? BANG dispose du personnel et de l\u2019exp\u00e9rience n\u00e9cessaires pour aider votre entreprise \u00e0 passer d\u2019un domaine \u00e0 un autre.[\/vc_column_text][\/vc_column][\/vc_row][vc_row equal_height=\u00a0\u00bbyes\u00a0\u00bb content_placement=\u00a0\u00bbtop\u00a0\u00bb panchor=\u00a0\u00bbanchor-disabled\u00a0\u00bb kswr_row_top_decor_enabled=\u00a0\u00bbfalse\u00a0\u00bb kswr_row_bottom_decor_enabled=\u00a0\u00bbfalse\u00a0\u00bb][vc_column width=\u00a0\u00bb1\/6&Prime;][\/vc_column][vc_column width=\u00a0\u00bb2\/3&Prime;][vc_row_inner][vc_column_inner el_class=\u00a0\u00bbpadding-20px\u00a0\u00bb width=\u00a0\u00bb1\/2&Prime; css=\u00a0\u00bb.vc_custom_1594644916142{padding-top: 20px !important;padding-right: 20px !important;padding-bottom: 20px !important;padding-left: 20px !important;}\u00a0\u00bb][vc_column_text el_class=\u00a0\u00bbfa fa-envelope\u00a0\u00bb]<\/p>\n<h3>Microsoft Exchange Migration et mise \u00e0 niveau<\/h3>\n<p>[\/vc_column_text][vc_headings style=\u00a0\u00bbtheme3&Prime; linewidth=\u00a0\u00bb50&Prime; borderwidth=\u00a0\u00bb3&Prime; borderclr=\u00a0\u00bb#ff6400&Prime; align=\u00a0\u00bbleft\u00a0\u00bb title=\u00a0\u00bb\u00a0\u00bb titleclr=\u00a0\u00bb#000000&Prime;][\/vc_headings][vc_column_text]Aujourd&rsquo;hui, chaque entreprise a besoin et utilise le courrier \u00e9lectronique. Il est devenu la norme pour la communication d&rsquo;entreprise, d\u00e9passant m\u00eame l&rsquo;utilisation du t\u00e9l\u00e9phone. Microsoft\u00a0 Exchange fournit un environnement robuste et riche pour le courrier \u00e9lectronique d&rsquo;entreprise et permet un acc\u00e8s mobile et bas\u00e9 sur le Web, offrant un environnement coh\u00e9rent sur tous vos appareils. BANG a effectu\u00e9 des centaines de migrations et de mises \u00e0 niveau et nous pouvons faire de votre prochain projet une transition simple et transparente.[\/vc_column_text][\/vc_column_inner][vc_column_inner el_class=\u00a0\u00bbpadding-20px\u00a0\u00bb width=\u00a0\u00bb1\/2&Prime; css=\u00a0\u00bb.vc_custom_1594644935366{padding-top: 20px !important;padding-right: 20px !important;padding-bottom: 20px !important;padding-left: 20px !important;}\u00a0\u00bb][vc_column_text el_class=\u00a0\u00bbfa light-cog\u00a0\u00bb]<\/p>\n<h3>Gestion de licences<\/h3>\n<p>[\/vc_column_text][vc_headings style=\u00a0\u00bbtheme3&Prime; linewidth=\u00a0\u00bb50&Prime; borderwidth=\u00a0\u00bb3&Prime; borderclr=\u00a0\u00bb#ff6400&Prime; align=\u00a0\u00bbleft\u00a0\u00bb title=\u00a0\u00bb\u00a0\u00bb titleclr=\u00a0\u00bb#000000&Prime;][\/vc_headings][vc_column_text]Avec de plus en plus de technologies entrant dans votre environnement ainsi que de nombreuses migrations vers le cloud, la gestion de plusieurs termes et conditions de licences, tout en\u00a0 maintenant une vue pr\u00e9cise et actualis\u00e9e de l&rsquo;utilisation peut \u00eatre difficile. Laissez-nous vous montrer comment une meilleure gestion des licences peut vous faire gagner du temps et de\u00a0 l&rsquo;argent et r\u00e9duire vos risques de conformit\u00e9.[\/vc_column_text][\/vc_column_inner][\/vc_row_inner][\/vc_column][vc_column width=\u00a0\u00bb1\/6&Prime;][\/vc_column][\/vc_row][\/vc_section][vc_row full_width=\u00a0\u00bbstretch_row\u00a0\u00bb content_placement=\u00a0\u00bbmiddle\u00a0\u00bb type=\u00a0\u00bbpixflaticon\u00a0\u00bb icon_pixflaticon=\u00a0\u00bbflaticon-call37&Prime; css=\u00a0\u00bb.vc_custom_1594670590305{padding-top: 50px !important;padding-bottom: 50px !important;background-color: #ff6400 !important;}\u00a0\u00bb kswr_row_top_decor_enabled=\u00a0\u00bbfalse\u00a0\u00bb kswr_row_bottom_decor_enabled=\u00a0\u00bbfalse\u00a0\u00bb el_class=\u00a0\u00bbcontact_form_row\u00a0\u00bb][vc_column width=\u00a0\u00bb1\/6&Prime; css=\u00a0\u00bb.vc_custom_1593096338878{padding-right: 25% !important;padding-left: 25% !important;}\u00a0\u00bb][\/vc_column][vc_column width=\u00a0\u00bb2\/3&Prime;][vc_headings style=\u00a0\u00bbtheme3&Prime; linewidth=\u00a0\u00bb50&Prime; borderwidth=\u00a0\u00bb3&Prime; borderclr=\u00a0\u00bb#ffffff\u00a0\u00bb title=\u00a0\u00bbExploitez la puissance de la collaboration cloud\u00a0\u00bb titleclr=\u00a0\u00bb#ffffff\u00a0\u00bb][\/vc_headings][vc_column_text]<\/p>\n<p style=\"text-align: center;\">Contactez l&rsquo;un de nos experts Microsoft 365<\/p>\n<p>[\/vc_column_text][vc_empty_space height=\u00a0\u00bb25&Prime;][vc_btn title=\u00a0\u00bbParlons-en!\u00a0\u00bb color=\u00a0\u00bbwarning\u00a0\u00bb align=\u00a0\u00bbcenter\u00a0\u00bb link=\u00a0\u00bburl:%2Ffr%2Fcontactez-nous%2F|title:Contact%20Bang||\u00a0\u00bb el_class=\u00a0\u00bbwpcf7-submit\u00a0\u00bb][\/vc_column][vc_column width=\u00a0\u00bb1\/6&Prime;][\/vc_column][\/vc_row]<\/p>\n","protected":false},"excerpt":{"rendered":"<p>[vc_row css=\u00a0\u00bb.vc_custom_1593094366490{margin-bottom: 50px !important;}\u00a0\u00bb kswr_row_top_decor_enabled=\u00a0\u00bbfalse\u00a0\u00bb kswr_row_bottom_decor_enabled=\u00a0\u00bbfalse\u00a0\u00bb][vc_column][vc_column_text]Microsoft 365 fournit la solution de collaboration et de productivit\u00e9 infonuagique la plus compl\u00e8te et la plus s\u00e9curis\u00e9e qui soit, permettant aux entreprises de gagner du temps, de l&rsquo;argent et de lib\u00e9rer des ressources pr\u00e9cieuses. En tant que partenaire Microsoft Gold certifi\u00e9, notre \u00e9quipe vous aidera \u00e0 exploiter pleinement la [&hellip;]<\/p>\n","protected":false},"author":19,"featured_media":15790,"parent":14839,"menu_order":3,"comment_status":"closed","ping_status":"open","template":"","meta":{"footnotes":""},"class_list":["post-14852","page","type-page","status-publish","has-post-thumbnail","hentry"],"yoast_head":"<!-- This site is optimized with the Yoast SEO plugin v16.2 - https:\/\/yoast.com\/wordpress\/plugins\/seo\/ -->\n<title>BANG - MICROSOFT 365 l Exploitez la puissance de la collaboration<\/title>\n<meta name=\"description\" content=\"Faites confiance \u00e0 Bang, partenaire Microsoft Gold, pour d\u00e9ployer: Office 365 - Microsoft Teams - Microsoft exchange - Gestion de Licences.\" \/>\n<meta name=\"robots\" content=\"index, follow, max-snippet:-1, max-image-preview:large, max-video-preview:-1\" \/>\n<link rel=\"canonical\" href=\"https:\/\/bang.ca\/fr\/services\/microsoft-365\/\" \/>\n<meta property=\"og:locale\" content=\"fr_FR\" \/>\n<meta property=\"og:type\" content=\"article\" \/>\n<meta property=\"og:title\" content=\"BANG - MICROSOFT 365 l Exploitez la puissance de la collaboration\" \/>\n<meta property=\"og:description\" content=\"Faites confiance \u00e0 Bang, partenaire Microsoft Gold, pour d\u00e9ployer: Office 365 - Microsoft Teams - Microsoft exchange - Gestion de Licences.\" \/>\n<meta property=\"og:url\" content=\"https:\/\/bang.ca\/fr\/services\/microsoft-365\/\" \/>\n<meta property=\"og:site_name\" content=\"BANG - Experts Cloud\" \/>\n<meta property=\"article:modified_time\" content=\"2020-11-19T18:44:07+00:00\" \/>\n<meta property=\"og:image\" content=\"https:\/\/bang.ca\/wp-content\/uploads\/2021\/01\/header-Microsoft-365.jpg\" \/>\n\t<meta property=\"og:image:width\" content=\"1920\" \/>\n\t<meta property=\"og:image:height\" content=\"838\" \/>\n<meta name=\"twitter:card\" content=\"summary_large_image\" \/>\n<meta name=\"twitter:site\" content=\"@IndustriesBANG\" \/>\n<meta name=\"twitter:label1\" content=\"Dur\u00e9e de lecture est.\">\n\t<meta name=\"twitter:data1\" content=\"5 minutes\">\n<script type=\"application\/ld+json\" class=\"yoast-schema-graph\">{\"@context\":\"https:\/\/schema.org\",\"@graph\":[{\"@type\":\"Organization\",\"@id\":\"https:\/\/bang.ca\/fr\/#organization\",\"name\":\"BANG\",\"url\":\"https:\/\/bang.ca\/fr\/\",\"sameAs\":[\"https:\/\/www.linkedin.com\/company\/1263889?trk=cws-btn-overview-0-0\",\"https:\/\/twitter.com\/IndustriesBANG\"],\"logo\":{\"@type\":\"ImageObject\",\"@id\":\"https:\/\/bang.ca\/fr\/#logo\",\"inLanguage\":\"fr-FR\",\"url\":\"https:\/\/bang.ca\/wp-content\/uploads\/2015\/04\/bang_logo.png\",\"contentUrl\":\"https:\/\/bang.ca\/wp-content\/uploads\/2015\/04\/bang_logo.png\",\"width\":84,\"height\":94,\"caption\":\"BANG\"},\"image\":{\"@id\":\"https:\/\/bang.ca\/fr\/#logo\"}},{\"@type\":\"WebSite\",\"@id\":\"https:\/\/bang.ca\/fr\/#website\",\"url\":\"https:\/\/bang.ca\/fr\/\",\"name\":\"BANG - Experts Cloud\",\"description\":\"Simplifiez vos T.I.\",\"publisher\":{\"@id\":\"https:\/\/bang.ca\/fr\/#organization\"},\"potentialAction\":[{\"@type\":\"SearchAction\",\"target\":\"https:\/\/bang.ca\/fr\/?s={search_term_string}\",\"query-input\":\"required name=search_term_string\"}],\"inLanguage\":\"fr-FR\"},{\"@type\":\"ImageObject\",\"@id\":\"https:\/\/bang.ca\/fr\/services\/microsoft-365\/#primaryimage\",\"inLanguage\":\"fr-FR\",\"url\":\"https:\/\/bang.ca\/wp-content\/uploads\/2021\/01\/header-Microsoft-365.jpg\",\"contentUrl\":\"https:\/\/bang.ca\/wp-content\/uploads\/2021\/01\/header-Microsoft-365.jpg\",\"width\":1920,\"height\":838,\"caption\":\"Bang - Microsoft 365\"},{\"@type\":\"WebPage\",\"@id\":\"https:\/\/bang.ca\/fr\/services\/microsoft-365\/#webpage\",\"url\":\"https:\/\/bang.ca\/fr\/services\/microsoft-365\/\",\"name\":\"BANG - MICROSOFT 365 l Exploitez la puissance de la collaboration\",\"isPartOf\":{\"@id\":\"https:\/\/bang.ca\/fr\/#website\"},\"primaryImageOfPage\":{\"@id\":\"https:\/\/bang.ca\/fr\/services\/microsoft-365\/#primaryimage\"},\"datePublished\":\"2020-06-30T18:13:57+00:00\",\"dateModified\":\"2020-11-19T18:44:07+00:00\",\"description\":\"Faites confiance \\u00e0 Bang, partenaire Microsoft Gold, pour d\\u00e9ployer: Office 365 - Microsoft Teams - Microsoft exchange - Gestion de Licences.\",\"breadcrumb\":{\"@id\":\"https:\/\/bang.ca\/fr\/services\/microsoft-365\/#breadcrumb\"},\"inLanguage\":\"fr-FR\",\"potentialAction\":[{\"@type\":\"ReadAction\",\"target\":[\"https:\/\/bang.ca\/fr\/services\/microsoft-365\/\"]}]},{\"@type\":\"BreadcrumbList\",\"@id\":\"https:\/\/bang.ca\/fr\/services\/microsoft-365\/#breadcrumb\",\"itemListElement\":[{\"@type\":\"ListItem\",\"position\":1,\"item\":{\"@type\":\"WebPage\",\"@id\":\"https:\/\/bang.ca\/fr\/\",\"url\":\"https:\/\/bang.ca\/fr\/\",\"name\":\"Home\"}},{\"@type\":\"ListItem\",\"position\":2,\"item\":{\"@type\":\"WebPage\",\"@id\":\"https:\/\/bang.ca\/fr\/services\/\",\"url\":\"https:\/\/bang.ca\/fr\/services\/\",\"name\":\"Services\"}},{\"@type\":\"ListItem\",\"position\":3,\"item\":{\"@id\":\"https:\/\/bang.ca\/fr\/services\/microsoft-365\/#webpage\"}}]}]}<\/script>\n<!-- \/ Yoast SEO plugin. -->","_links":{"self":[{"href":"https:\/\/bang.ca\/fr\/wp-json\/wp\/v2\/pages\/14852","targetHints":{"allow":["GET"]}}],"collection":[{"href":"https:\/\/bang.ca\/fr\/wp-json\/wp\/v2\/pages"}],"about":[{"href":"https:\/\/bang.ca\/fr\/wp-json\/wp\/v2\/types\/page"}],"author":[{"embeddable":true,"href":"https:\/\/bang.ca\/fr\/wp-json\/wp\/v2\/users\/19"}],"replies":[{"embeddable":true,"href":"https:\/\/bang.ca\/fr\/wp-json\/wp\/v2\/comments?post=14852"}],"version-history":[{"count":1,"href":"https:\/\/bang.ca\/fr\/wp-json\/wp\/v2\/pages\/14852\/revisions"}],"predecessor-version":[{"id":15633,"href":"https:\/\/bang.ca\/fr\/wp-json\/wp\/v2\/pages\/14852\/revisions\/15633"}],"up":[{"embeddable":true,"href":"https:\/\/bang.ca\/fr\/wp-json\/wp\/v2\/pages\/14839"}],"wp:featuredmedia":[{"embeddable":true,"href":"https:\/\/bang.ca\/fr\/wp-json\/wp\/v2\/media\/15790"}],"wp:attachment":[{"href":"https:\/\/bang.ca\/fr\/wp-json\/wp\/v2\/media?parent=14852"}],"curies":[{"name":"wp","href":"https:\/\/api.w.org\/{rel}","templated":true}]}}