{"id":14850,"date":"2020-06-30T14:09:57","date_gmt":"2020-06-30T18:09:57","guid":{"rendered":"https:\/\/bang.ca\/?page_id=14850"},"modified":"2020-11-19T13:44:07","modified_gmt":"2020-11-19T18:44:07","slug":"microsoft-azure","status":"publish","type":"page","link":"https:\/\/bang.ca\/fr\/services\/services-infonuagiques\/microsoft-azure\/","title":{"rendered":"Microsoft Azure"},"content":{"rendered":"<p>[vc_row css=\u00a0\u00bb.vc_custom_1593094366490{margin-bottom: 50px !important;}\u00a0\u00bb kswr_row_top_decor_enabled=\u00a0\u00bbfalse\u00a0\u00bb kswr_row_bottom_decor_enabled=\u00a0\u00bbfalse\u00a0\u00bb][vc_column][vc_column_text]Microsoft Azure offre aux entreprises le pouvoir de cr\u00e9er, d\u00e9ployer et g\u00e9rer des applications infonuagiques avec un contr\u00f4le total. Azure fournit un ensemble enti\u00e8rement int\u00e9gr\u00e9 de capacit\u00e9s IaaS et PaaS. Avez-vous besoin de connecter des solutions infonuagiques et sur site? Vous souhaitez cr\u00e9er une exp\u00e9rience plus coh\u00e9rente dans toutes vos applications infonuagiques? Azure et Bang peuvent vous y aider.<\/p>\n<p>Nos sp\u00e9cialistes Microsoft Azure peuvent g\u00e9rer votre configuration dans Azure et faire des recommandations pour une infrastructure qui fonctionne pour votre entreprise. Nous pouvons g\u00e9rer la configuration, le d\u00e9ploiement, la gestion continue et les mises \u00e0 jour selon vos besoins, afin que vous puissiez utiliser l\u2019infonuagique pour optimiser les performances, minimiser les co\u00fbts et rester en s\u00e9curit\u00e9 tout en gardant un contr\u00f4le total de votre infrastructure technologique.[\/vc_column_text][\/vc_column][\/vc_row][vc_section css=\u00a0\u00bb.vc_custom_1593096372410{margin-bottom: 50px !important;}\u00a0\u00bb][vc_row parallax=\u00a0\u00bbcontent-moving-fade\u00a0\u00bb css=\u00a0\u00bb.vc_custom_1593094459296{margin-bottom: 25px !important;}\u00a0\u00bb kswr_row_top_decor_enabled=\u00a0\u00bbfalse\u00a0\u00bb kswr_row_bottom_decor_enabled=\u00a0\u00bbfalse\u00a0\u00bb][vc_column width=\u00a0\u00bb1\/6&Prime;][\/vc_column][vc_column width=\u00a0\u00bb2\/3&Prime;][vc_row_inner equal_height=\u00a0\u00bbyes\u00a0\u00bb content_placement=\u00a0\u00bbtop\u00a0\u00bb][vc_column_inner width=\u00a0\u00bb1\/2&Prime; css=\u00a0\u00bb.vc_custom_1593095410726{padding: 20px !important;}\u00a0\u00bb][vc_column_text]<\/p>\n<h3>La plateforme infonuagique ouverte et flexible Azure vous offre:<\/h3>\n<p>[\/vc_column_text][vc_headings style=\u00a0\u00bbtheme3&Prime; linewidth=\u00a0\u00bb50&Prime; borderwidth=\u00a0\u00bb3&Prime; borderclr=\u00a0\u00bb#ff6400&Prime; align=\u00a0\u00bbleft\u00a0\u00bb title=\u00a0\u00bb\u00a0\u00bb titleclr=\u00a0\u00bb#000000&Prime;][\/vc_headings][vc_column_text]<\/p>\n<ul>\n<li>Une infrastructure \u00e9volutive pour prendre en charge des applications ou des services<br \/>\nWeb (vous ne payez que pour ce que vous utilisez);<\/li>\n<li>Une alternative \u00e0 la construction et au soutien d\u2019une infrastructure co\u00fbteuse;<\/li>\n<li>Une extension pour les syst\u00e8mes sur site actuels.<\/li>\n<\/ul>\n<p>[\/vc_column_text][\/vc_column_inner][vc_column_inner width=\u00a0\u00bb1\/2&Prime; css=\u00a0\u00bb.vc_custom_1593095425311{padding: 20px !important;}\u00a0\u00bb][vc_column_text]<\/p>\n<h3>Nous pouvons vous aider \u00e0 exploiter pleinement la puissance d\u2019Azure<\/h3>\n<p>[\/vc_column_text][vc_headings style=\u00a0\u00bbtheme3&Prime; linewidth=\u00a0\u00bb50&Prime; borderwidth=\u00a0\u00bb3&Prime; borderclr=\u00a0\u00bb#ff6400&Prime; align=\u00a0\u00bbleft\u00a0\u00bb title=\u00a0\u00bb\u00a0\u00bb titleclr=\u00a0\u00bb#000000&Prime;][\/vc_headings][vc_column_text]En tant que partenaire Microsoft Gold, nous pouvons vous aider \u00e0 exploiter pleinement la puissance d&rsquo;Azure via les services suivants:<\/p>\n<ul>\n<li>\u00c9valuation de la migration;<\/li>\n<li>Architecture infonuagique;<\/li>\n<li>Planification de projet;<\/li>\n<li>Services d&rsquo;approvisionnement et de migration.<\/li>\n<\/ul>\n<p>[\/vc_column_text][\/vc_column_inner][\/vc_row_inner][\/vc_column][vc_column width=\u00a0\u00bb1\/6&Prime;][\/vc_column][\/vc_row][\/vc_section][vc_row full_width=\u00a0\u00bbstretch_row\u00a0\u00bb type=\u00a0\u00bbpixflaticon\u00a0\u00bb icon_pixflaticon=\u00a0\u00bbflaticon-call37&Prime; css=\u00a0\u00bb.vc_custom_1594670954152{padding-top: 50px !important;padding-bottom: 50px !important;background-color: #ff6400 !important;}\u00a0\u00bb kswr_row_top_decor_enabled=\u00a0\u00bbfalse\u00a0\u00bb kswr_row_bottom_decor_enabled=\u00a0\u00bbfalse\u00a0\u00bb el_class=\u00a0\u00bbcontact_form_row\u00a0\u00bb][vc_column width=\u00a0\u00bb1\/6&Prime;][\/vc_column][vc_column width=\u00a0\u00bb2\/3&Prime;][vc_headings style=\u00a0\u00bbtheme3&Prime; linewidth=\u00a0\u00bb50&Prime; borderwidth=\u00a0\u00bb3&Prime; borderclr=\u00a0\u00bb#ffffff\u00a0\u00bb title=\u00a0\u00bbProfitez des avantages du nuage!\u00a0\u00bb titleclr=\u00a0\u00bb#ffffff\u00a0\u00bb caption_url=\u00a0\u00bb\u00a0\u00bb][\/vc_headings][vc_column_text]<\/p>\n<p style=\"text-align: center;\">Contactez nos experts en infonuagique.<\/p>\n<p>[\/vc_column_text][vc_empty_space height=\u00a0\u00bb25&Prime;][vc_btn title=\u00a0\u00bbParlons-en!\u00a0\u00bb color=\u00a0\u00bbwarning\u00a0\u00bb align=\u00a0\u00bbcenter\u00a0\u00bb link=\u00a0\u00bburl:%2Ffr%2Fcontactez-nous%2F|title:Contact%20Bang||\u00a0\u00bb el_class=\u00a0\u00bbwpcf7-submit\u00a0\u00bb][\/vc_column][vc_column width=\u00a0\u00bb1\/6&Prime;][\/vc_column][\/vc_row]<\/p>\n","protected":false},"excerpt":{"rendered":"<p>[vc_row css=\u00a0\u00bb.vc_custom_1593094366490{margin-bottom: 50px !important;}\u00a0\u00bb kswr_row_top_decor_enabled=\u00a0\u00bbfalse\u00a0\u00bb kswr_row_bottom_decor_enabled=\u00a0\u00bbfalse\u00a0\u00bb][vc_column][vc_column_text]Microsoft Azure offre aux entreprises le pouvoir de cr\u00e9er, d\u00e9ployer et g\u00e9rer des applications infonuagiques avec un contr\u00f4le total. Azure fournit un ensemble enti\u00e8rement int\u00e9gr\u00e9 de capacit\u00e9s IaaS et PaaS. Avez-vous besoin de connecter des solutions infonuagiques et sur site? Vous souhaitez cr\u00e9er une exp\u00e9rience plus coh\u00e9rente dans toutes vos [&hellip;]<\/p>\n","protected":false},"author":19,"featured_media":15780,"parent":14849,"menu_order":1,"comment_status":"closed","ping_status":"open","template":"","meta":{"footnotes":""},"class_list":["post-14850","page","type-page","status-publish","has-post-thumbnail","hentry"],"yoast_head":"<!-- This site is optimized with the Yoast SEO plugin v16.2 - https:\/\/yoast.com\/wordpress\/plugins\/seo\/ -->\n<title>Bang - Services infonuagiques - Microsoft Azure - Montr\u00e9al &amp; Qu\u00e9bec<\/title>\n<meta name=\"description\" content=\"-1357\" \/>\n<meta name=\"robots\" content=\"index, follow, max-snippet:-1, max-image-preview:large, max-video-preview:-1\" \/>\n<link rel=\"canonical\" href=\"https:\/\/bang.ca\/fr\/services\/services-infonuagiques\/microsoft-azure\/\" \/>\n<meta property=\"og:locale\" content=\"fr_FR\" \/>\n<meta property=\"og:type\" content=\"article\" \/>\n<meta property=\"og:title\" content=\"Bang - Services infonuagiques - Microsoft Azure - Montr\u00e9al &amp; Qu\u00e9bec\" \/>\n<meta property=\"og:description\" content=\"-1357\" \/>\n<meta property=\"og:url\" content=\"https:\/\/bang.ca\/fr\/services\/services-infonuagiques\/microsoft-azure\/\" \/>\n<meta property=\"og:site_name\" content=\"BANG - Experts Cloud\" \/>\n<meta property=\"article:modified_time\" content=\"2020-11-19T18:44:07+00:00\" \/>\n<meta property=\"og:image\" content=\"https:\/\/bang.ca\/wp-content\/uploads\/2021\/01\/header-Azure.jpg\" \/>\n\t<meta property=\"og:image:width\" content=\"1920\" \/>\n\t<meta property=\"og:image:height\" content=\"838\" \/>\n<meta name=\"twitter:card\" content=\"summary_large_image\" \/>\n<meta name=\"twitter:site\" content=\"@IndustriesBANG\" \/>\n<meta name=\"twitter:label1\" content=\"Dur\u00e9e de lecture est.\">\n\t<meta name=\"twitter:data1\" content=\"3 minutes\">\n<script type=\"application\/ld+json\" class=\"yoast-schema-graph\">{\"@context\":\"https:\/\/schema.org\",\"@graph\":[{\"@type\":\"Organization\",\"@id\":\"https:\/\/bang.ca\/fr\/#organization\",\"name\":\"BANG\",\"url\":\"https:\/\/bang.ca\/fr\/\",\"sameAs\":[\"https:\/\/www.linkedin.com\/company\/1263889?trk=cws-btn-overview-0-0\",\"https:\/\/twitter.com\/IndustriesBANG\"],\"logo\":{\"@type\":\"ImageObject\",\"@id\":\"https:\/\/bang.ca\/fr\/#logo\",\"inLanguage\":\"fr-FR\",\"url\":\"https:\/\/bang.ca\/wp-content\/uploads\/2015\/04\/bang_logo.png\",\"contentUrl\":\"https:\/\/bang.ca\/wp-content\/uploads\/2015\/04\/bang_logo.png\",\"width\":84,\"height\":94,\"caption\":\"BANG\"},\"image\":{\"@id\":\"https:\/\/bang.ca\/fr\/#logo\"}},{\"@type\":\"WebSite\",\"@id\":\"https:\/\/bang.ca\/fr\/#website\",\"url\":\"https:\/\/bang.ca\/fr\/\",\"name\":\"BANG - Experts Cloud\",\"description\":\"Simplifiez vos T.I.\",\"publisher\":{\"@id\":\"https:\/\/bang.ca\/fr\/#organization\"},\"potentialAction\":[{\"@type\":\"SearchAction\",\"target\":\"https:\/\/bang.ca\/fr\/?s={search_term_string}\",\"query-input\":\"required name=search_term_string\"}],\"inLanguage\":\"fr-FR\"},{\"@type\":\"ImageObject\",\"@id\":\"https:\/\/bang.ca\/fr\/services\/services-infonuagiques\/microsoft-azure\/#primaryimage\",\"inLanguage\":\"fr-FR\",\"url\":\"https:\/\/bang.ca\/wp-content\/uploads\/2021\/01\/header-Azure.jpg\",\"contentUrl\":\"https:\/\/bang.ca\/wp-content\/uploads\/2021\/01\/header-Azure.jpg\",\"width\":1920,\"height\":838,\"caption\":\"Cloud Services- Azure\"},{\"@type\":\"WebPage\",\"@id\":\"https:\/\/bang.ca\/fr\/services\/services-infonuagiques\/microsoft-azure\/#webpage\",\"url\":\"https:\/\/bang.ca\/fr\/services\/services-infonuagiques\/microsoft-azure\/\",\"name\":\"Bang - Services infonuagiques - Microsoft Azure - Montr\\u00e9al & Qu\\u00e9bec\",\"isPartOf\":{\"@id\":\"https:\/\/bang.ca\/fr\/#website\"},\"primaryImageOfPage\":{\"@id\":\"https:\/\/bang.ca\/fr\/services\/services-infonuagiques\/microsoft-azure\/#primaryimage\"},\"datePublished\":\"2020-06-30T18:09:57+00:00\",\"dateModified\":\"2020-11-19T18:44:07+00:00\",\"description\":\"-1357\",\"breadcrumb\":{\"@id\":\"https:\/\/bang.ca\/fr\/services\/services-infonuagiques\/microsoft-azure\/#breadcrumb\"},\"inLanguage\":\"fr-FR\",\"potentialAction\":[{\"@type\":\"ReadAction\",\"target\":[\"https:\/\/bang.ca\/fr\/services\/services-infonuagiques\/microsoft-azure\/\"]}]},{\"@type\":\"BreadcrumbList\",\"@id\":\"https:\/\/bang.ca\/fr\/services\/services-infonuagiques\/microsoft-azure\/#breadcrumb\",\"itemListElement\":[{\"@type\":\"ListItem\",\"position\":1,\"item\":{\"@type\":\"WebPage\",\"@id\":\"https:\/\/bang.ca\/fr\/\",\"url\":\"https:\/\/bang.ca\/fr\/\",\"name\":\"Home\"}},{\"@type\":\"ListItem\",\"position\":2,\"item\":{\"@type\":\"WebPage\",\"@id\":\"https:\/\/bang.ca\/fr\/services\/\",\"url\":\"https:\/\/bang.ca\/fr\/services\/\",\"name\":\"Services\"}},{\"@type\":\"ListItem\",\"position\":3,\"item\":{\"@type\":\"WebPage\",\"@id\":\"https:\/\/bang.ca\/fr\/services\/services-infonuagiques\/\",\"url\":\"https:\/\/bang.ca\/fr\/services\/services-infonuagiques\/\",\"name\":\"Services infonuagiques\"}},{\"@type\":\"ListItem\",\"position\":4,\"item\":{\"@id\":\"https:\/\/bang.ca\/fr\/services\/services-infonuagiques\/microsoft-azure\/#webpage\"}}]}]}<\/script>\n<!-- \/ Yoast SEO plugin. -->","_links":{"self":[{"href":"https:\/\/bang.ca\/fr\/wp-json\/wp\/v2\/pages\/14850","targetHints":{"allow":["GET"]}}],"collection":[{"href":"https:\/\/bang.ca\/fr\/wp-json\/wp\/v2\/pages"}],"about":[{"href":"https:\/\/bang.ca\/fr\/wp-json\/wp\/v2\/types\/page"}],"author":[{"embeddable":true,"href":"https:\/\/bang.ca\/fr\/wp-json\/wp\/v2\/users\/19"}],"replies":[{"embeddable":true,"href":"https:\/\/bang.ca\/fr\/wp-json\/wp\/v2\/comments?post=14850"}],"version-history":[{"count":2,"href":"https:\/\/bang.ca\/fr\/wp-json\/wp\/v2\/pages\/14850\/revisions"}],"predecessor-version":[{"id":15537,"href":"https:\/\/bang.ca\/fr\/wp-json\/wp\/v2\/pages\/14850\/revisions\/15537"}],"up":[{"embeddable":true,"href":"https:\/\/bang.ca\/fr\/wp-json\/wp\/v2\/pages\/14849"}],"wp:featuredmedia":[{"embeddable":true,"href":"https:\/\/bang.ca\/fr\/wp-json\/wp\/v2\/media\/15780"}],"wp:attachment":[{"href":"https:\/\/bang.ca\/fr\/wp-json\/wp\/v2\/media?parent=14850"}],"curies":[{"name":"wp","href":"https:\/\/api.w.org\/{rel}","templated":true}]}}