{"id":14849,"date":"2020-06-30T14:09:36","date_gmt":"2020-06-30T18:09:36","guid":{"rendered":"https:\/\/bang.ca\/?page_id=14849"},"modified":"2021-01-07T13:48:58","modified_gmt":"2021-01-07T18:48:58","slug":"services-infonuagiques","status":"publish","type":"page","link":"https:\/\/bang.ca\/fr\/services\/services-infonuagiques\/","title":{"rendered":"Services infonuagiques"},"content":{"rendered":"<p>[vc_row equal_height=\u00a0\u00bbyes\u00a0\u00bb css=\u00a0\u00bb.vc_custom_1594217283056{margin-bottom: 50px !important;}\u00a0\u00bb kswr_row_top_decor_enabled=\u00a0\u00bbfalse\u00a0\u00bb kswr_row_bottom_decor_enabled=\u00a0\u00bbfalse\u00a0\u00bb el_class=\u00a0\u00bbvc_custom_1593094366490&Prime;][vc_column][vc_column_text]Les services infonuagiques changent la fa\u00e7on dont les entreprises utilisent les TI et sont disponibles pour r\u00e9pondre \u00e0 la plupart des besoins informatiques. Les services infonuagiques sont faciles d&rsquo;acc\u00e8s, offrent une flexibilit\u00e9 accrue et sont con\u00e7us \u00e0 l&rsquo;aide d&rsquo;un mod\u00e8le de tarification \u00e0 plusieurs niveaux qui ne n\u00e9cessite pas un investissement initial important en mat\u00e9riel.\u00a0L&rsquo;objectif de Bang est de guider votre entreprise \u00e0 travers l&rsquo;exp\u00e9rience infonuagique et de vous aider \u00e0 tirer le meilleur parti de votre investissement dans les services infonuagiques.[\/vc_column_text][\/vc_column][\/vc_row][vc_row panchor=\u00a0\u00bbanchor-disabled\u00a0\u00bb css=\u00a0\u00bb.vc_custom_1594217304201{margin-bottom: 50px !important;}\u00a0\u00bb kswr_row_top_decor_enabled=\u00a0\u00bbfalse\u00a0\u00bb kswr_row_bottom_decor_enabled=\u00a0\u00bbfalse\u00a0\u00bb el_class=\u00a0\u00bbvc_custom_1593094366490&Prime;][vc_column][vc_basic_grid post_type=\u00a0\u00bbcustom\u00a0\u00bb item=\u00a0\u00bb14401&Prime; grid_id=\u00a0\u00bbvc_gid:1594669915046-9910b587-60f2-7&Prime; custom_query=\u00a0\u00bbpost_type=page&amp;posts_per_page=-1&amp;post_parent=5865&amp;order=ASC&amp;orderby=menu_order\u00a0\u00bb][\/vc_column][\/vc_row][vc_row full_width=\u00a0\u00bbstretch_row\u00a0\u00bb type=\u00a0\u00bbpixflaticon\u00a0\u00bb icon_pixflaticon=\u00a0\u00bbflaticon-call37&Prime; kswr_row_top_decor_enabled=\u00a0\u00bbfalse\u00a0\u00bb kswr_row_bottom_decor_enabled=\u00a0\u00bbfalse\u00a0\u00bb css=\u00a0\u00bb.vc_custom_1594669907263{padding-top: 50px !important;padding-bottom: 50px !important;background-color: #ff6400 !important;}\u00a0\u00bb el_class=\u00a0\u00bbcontact_form_row vc_custom_1594668636287&Prime;][vc_column width=\u00a0\u00bb1\/6&Prime;][\/vc_column][vc_column width=\u00a0\u00bb2\/3&Prime;][vc_headings style=\u00a0\u00bbtheme3&Prime; linewidth=\u00a0\u00bb50&Prime; borderwidth=\u00a0\u00bb3&Prime; borderclr=\u00a0\u00bb#ffffff\u00a0\u00bb title=\u00a0\u00bbProfitez des avantages du nuage\u00a0\u00bb titleclr=\u00a0\u00bb#ffffff\u00a0\u00bb][\/vc_headings][vc_column_text]<\/p>\n<p style=\"text-align: center;\">Contactez nos experts en infonuagique<\/p>\n<p>[\/vc_column_text][vc_empty_space height=\u00a0\u00bb25&Prime;][vc_btn title=\u00a0\u00bbParlons-en!\u00a0\u00bb color=\u00a0\u00bbwarning\u00a0\u00bb align=\u00a0\u00bbcenter\u00a0\u00bb link=\u00a0\u00bburl:%2Ffr%2Fcontactez-nous%2F|title:Contact%20Bang||\u00a0\u00bb el_class=\u00a0\u00bbwpcf7-submit\u00a0\u00bb][\/vc_column][vc_column width=\u00a0\u00bb1\/6&Prime;][\/vc_column][\/vc_row]<\/p>\n","protected":false},"excerpt":{"rendered":"<p>[vc_row equal_height=\u00a0\u00bbyes\u00a0\u00bb css=\u00a0\u00bb.vc_custom_1594217283056{margin-bottom: 50px !important;}\u00a0\u00bb kswr_row_top_decor_enabled=\u00a0\u00bbfalse\u00a0\u00bb kswr_row_bottom_decor_enabled=\u00a0\u00bbfalse\u00a0\u00bb el_class=\u00a0\u00bbvc_custom_1593094366490&Prime;][vc_column][vc_column_text]Les services infonuagiques changent la fa\u00e7on dont les entreprises utilisent les TI et sont disponibles pour r\u00e9pondre \u00e0 la plupart des besoins informatiques. Les services infonuagiques sont faciles d&rsquo;acc\u00e8s, offrent une flexibilit\u00e9 accrue et sont con\u00e7us \u00e0 l&rsquo;aide d&rsquo;un mod\u00e8le de tarification \u00e0 plusieurs niveaux qui ne n\u00e9cessite [&hellip;]<\/p>\n","protected":false},"author":19,"featured_media":15778,"parent":14839,"menu_order":1,"comment_status":"closed","ping_status":"closed","template":"","meta":{"footnotes":""},"class_list":["post-14849","page","type-page","status-publish","has-post-thumbnail","hentry"],"yoast_head":"<!-- This site is optimized with the Yoast SEO plugin v16.2 - https:\/\/yoast.com\/wordpress\/plugins\/seo\/ -->\n<title>BANG - Services &amp; Solutions Infonuagiques l Mont\u00e9al et Qu\u00e9bec<\/title>\n<meta name=\"description\" content=\"Microsoft Azure l Service de sauvegarde et de reprise d&#039;activit\u00e9 l Outils de producitivit\u00e9 l Bang vous guidera \u00e0 travers l\u2019exp\u00e9rience infonuagique et vous aidera \u00e0 tirer le meilleur parti de votre investissement dans les services infonuagiques.\" \/>\n<meta name=\"robots\" content=\"index, follow, max-snippet:-1, max-image-preview:large, max-video-preview:-1\" \/>\n<link rel=\"canonical\" href=\"https:\/\/bang.ca\/fr\/services\/services-infonuagiques\/\" \/>\n<meta property=\"og:locale\" content=\"fr_FR\" \/>\n<meta property=\"og:type\" content=\"article\" \/>\n<meta property=\"og:title\" content=\"BANG - Services &amp; Solutions Infonuagiques l Mont\u00e9al et Qu\u00e9bec\" \/>\n<meta property=\"og:description\" content=\"Microsoft Azure l Service de sauvegarde et de reprise d&#039;activit\u00e9 l Outils de producitivit\u00e9 l Bang vous guidera \u00e0 travers l\u2019exp\u00e9rience infonuagique et vous aidera \u00e0 tirer le meilleur parti de votre investissement dans les services infonuagiques.\" \/>\n<meta property=\"og:url\" content=\"https:\/\/bang.ca\/fr\/services\/services-infonuagiques\/\" \/>\n<meta property=\"og:site_name\" content=\"BANG - Experts Cloud\" \/>\n<meta property=\"article:modified_time\" content=\"2021-01-07T18:48:58+00:00\" \/>\n<meta property=\"og:image\" content=\"https:\/\/bang.ca\/wp-content\/uploads\/2021\/01\/header-Cloud-Services.jpg\" \/>\n\t<meta property=\"og:image:width\" content=\"1920\" \/>\n\t<meta property=\"og:image:height\" content=\"838\" \/>\n<meta name=\"twitter:card\" content=\"summary_large_image\" \/>\n<meta name=\"twitter:site\" content=\"@IndustriesBANG\" \/>\n<meta name=\"twitter:label1\" content=\"Dur\u00e9e de lecture est.\">\n\t<meta name=\"twitter:data1\" content=\"2 minutes\">\n<script type=\"application\/ld+json\" class=\"yoast-schema-graph\">{\"@context\":\"https:\/\/schema.org\",\"@graph\":[{\"@type\":\"Organization\",\"@id\":\"https:\/\/bang.ca\/fr\/#organization\",\"name\":\"BANG\",\"url\":\"https:\/\/bang.ca\/fr\/\",\"sameAs\":[\"https:\/\/www.linkedin.com\/company\/1263889?trk=cws-btn-overview-0-0\",\"https:\/\/twitter.com\/IndustriesBANG\"],\"logo\":{\"@type\":\"ImageObject\",\"@id\":\"https:\/\/bang.ca\/fr\/#logo\",\"inLanguage\":\"fr-FR\",\"url\":\"https:\/\/bang.ca\/wp-content\/uploads\/2015\/04\/bang_logo.png\",\"contentUrl\":\"https:\/\/bang.ca\/wp-content\/uploads\/2015\/04\/bang_logo.png\",\"width\":84,\"height\":94,\"caption\":\"BANG\"},\"image\":{\"@id\":\"https:\/\/bang.ca\/fr\/#logo\"}},{\"@type\":\"WebSite\",\"@id\":\"https:\/\/bang.ca\/fr\/#website\",\"url\":\"https:\/\/bang.ca\/fr\/\",\"name\":\"BANG - Experts Cloud\",\"description\":\"Simplifiez vos T.I.\",\"publisher\":{\"@id\":\"https:\/\/bang.ca\/fr\/#organization\"},\"potentialAction\":[{\"@type\":\"SearchAction\",\"target\":\"https:\/\/bang.ca\/fr\/?s={search_term_string}\",\"query-input\":\"required name=search_term_string\"}],\"inLanguage\":\"fr-FR\"},{\"@type\":\"ImageObject\",\"@id\":\"https:\/\/bang.ca\/fr\/services\/services-infonuagiques\/#primaryimage\",\"inLanguage\":\"fr-FR\",\"url\":\"https:\/\/bang.ca\/wp-content\/uploads\/2021\/01\/header-Cloud-Services.jpg\",\"contentUrl\":\"https:\/\/bang.ca\/wp-content\/uploads\/2021\/01\/header-Cloud-Services.jpg\",\"width\":1920,\"height\":838,\"caption\":\"Bang - Cloud Services\"},{\"@type\":\"WebPage\",\"@id\":\"https:\/\/bang.ca\/fr\/services\/services-infonuagiques\/#webpage\",\"url\":\"https:\/\/bang.ca\/fr\/services\/services-infonuagiques\/\",\"name\":\"BANG - Services & Solutions Infonuagiques l Mont\\u00e9al et Qu\\u00e9bec\",\"isPartOf\":{\"@id\":\"https:\/\/bang.ca\/fr\/#website\"},\"primaryImageOfPage\":{\"@id\":\"https:\/\/bang.ca\/fr\/services\/services-infonuagiques\/#primaryimage\"},\"datePublished\":\"2020-06-30T18:09:36+00:00\",\"dateModified\":\"2021-01-07T18:48:58+00:00\",\"description\":\"Microsoft Azure l Service de sauvegarde et de reprise d'activit\\u00e9 l Outils de producitivit\\u00e9 l Bang vous guidera \\u00e0 travers l\\u2019exp\\u00e9rience infonuagique et vous aidera \\u00e0 tirer le meilleur parti de votre investissement dans les services infonuagiques.\",\"breadcrumb\":{\"@id\":\"https:\/\/bang.ca\/fr\/services\/services-infonuagiques\/#breadcrumb\"},\"inLanguage\":\"fr-FR\",\"potentialAction\":[{\"@type\":\"ReadAction\",\"target\":[\"https:\/\/bang.ca\/fr\/services\/services-infonuagiques\/\"]}]},{\"@type\":\"BreadcrumbList\",\"@id\":\"https:\/\/bang.ca\/fr\/services\/services-infonuagiques\/#breadcrumb\",\"itemListElement\":[{\"@type\":\"ListItem\",\"position\":1,\"item\":{\"@type\":\"WebPage\",\"@id\":\"https:\/\/bang.ca\/fr\/\",\"url\":\"https:\/\/bang.ca\/fr\/\",\"name\":\"Home\"}},{\"@type\":\"ListItem\",\"position\":2,\"item\":{\"@type\":\"WebPage\",\"@id\":\"https:\/\/bang.ca\/fr\/services\/\",\"url\":\"https:\/\/bang.ca\/fr\/services\/\",\"name\":\"Services\"}},{\"@type\":\"ListItem\",\"position\":3,\"item\":{\"@id\":\"https:\/\/bang.ca\/fr\/services\/services-infonuagiques\/#webpage\"}}]}]}<\/script>\n<!-- \/ Yoast SEO plugin. -->","_links":{"self":[{"href":"https:\/\/bang.ca\/fr\/wp-json\/wp\/v2\/pages\/14849","targetHints":{"allow":["GET"]}}],"collection":[{"href":"https:\/\/bang.ca\/fr\/wp-json\/wp\/v2\/pages"}],"about":[{"href":"https:\/\/bang.ca\/fr\/wp-json\/wp\/v2\/types\/page"}],"author":[{"embeddable":true,"href":"https:\/\/bang.ca\/fr\/wp-json\/wp\/v2\/users\/19"}],"replies":[{"embeddable":true,"href":"https:\/\/bang.ca\/fr\/wp-json\/wp\/v2\/comments?post=14849"}],"version-history":[{"count":1,"href":"https:\/\/bang.ca\/fr\/wp-json\/wp\/v2\/pages\/14849\/revisions"}],"predecessor-version":[{"id":15734,"href":"https:\/\/bang.ca\/fr\/wp-json\/wp\/v2\/pages\/14849\/revisions\/15734"}],"up":[{"embeddable":true,"href":"https:\/\/bang.ca\/fr\/wp-json\/wp\/v2\/pages\/14839"}],"wp:featuredmedia":[{"embeddable":true,"href":"https:\/\/bang.ca\/fr\/wp-json\/wp\/v2\/media\/15778"}],"wp:attachment":[{"href":"https:\/\/bang.ca\/fr\/wp-json\/wp\/v2\/media?parent=14849"}],"curies":[{"name":"wp","href":"https:\/\/api.w.org\/{rel}","templated":true}]}}