{"id":14846,"date":"2020-06-30T14:05:06","date_gmt":"2020-06-30T18:05:06","guid":{"rendered":"https:\/\/bang.ca\/?page_id=14846"},"modified":"2022-06-08T09:15:15","modified_gmt":"2022-06-08T13:15:15","slug":"a-propos","status":"publish","type":"page","link":"https:\/\/bang.ca\/fr\/a-propos\/","title":{"rendered":"\u00c0 propos"},"content":{"rendered":"<p>[vc_row css=\u00a0\u00bb.vc_custom_1594234135257{margin-bottom: 50px !important;}\u00a0\u00bb kswr_row_top_decor_enabled=\u00a0\u00bbfalse\u00a0\u00bb kswr_row_bottom_decor_enabled=\u00a0\u00bbfalse\u00a0\u00bb el_class=\u00a0\u00bbmargin-bottom-50&Prime;][vc_column width=\u00a0\u00bb1\/2&Prime;][vc_column_text]<\/p>\n<h3>Bang s\u2019engage \u00e0 r\u00e9aliser et soutenir les projets TI<\/h3>\n<p>[\/vc_column_text][vc_headings style=\u00a0\u00bbtheme3&Prime; linewidth=\u00a0\u00bb50&Prime; borderwidth=\u00a0\u00bb3&Prime; borderclr=\u00a0\u00bb#ff6400&Prime; title=\u00a0\u00bb\u00a0\u00bb align=\u00a0\u00bbleft\u00a0\u00bb titleclr=\u00a0\u00bb#000000&Prime;][\/vc_headings][vc_column_text]Depuis plus de 28 ans, Bang s&rsquo;engage \u00e0 mettre en oeuvre et \u00e0 soutenir des projets informatiques pour les PME au Qu\u00e9bec. Nous comprenons que les petites entreprises s&rsquo;efforcent de devenir des moyennes et les moyennes entreprises visent \u00e0 devenir grandes, mais avec tous les d\u00e9fis de la gestion d&rsquo;une entreprise, l&rsquo;informatique est la derni\u00e8re chose dont vous devez vous soucier.<\/p>\n<p>Nous nous engageons \u00e0 fournir les meilleurs services et solutions informatiques au march\u00e9 des PME. Nous traitons chaque entreprise individuellement, car nous comprenons qu&rsquo;aucune solution ne convient \u00e0 tous et que chaque entreprise a ses propres d\u00e9fis.<\/p>\n<p>Gr\u00e2ce \u00e0 notre processus de consultation, nous personnalisons des solutions pour chaque analyse de rentabilisation.[\/vc_column_text][\/vc_column][vc_column width=\u00a0\u00bb1\/2&Prime;][vc_column_text]<\/p>\n<h3>Unissant nos forces pour am\u00e9liorer l&rsquo;\u00e9tendue et la qualit\u00e9 de nos services<\/h3>\n<p>[\/vc_column_text][vc_headings style=\u00a0\u00bbtheme3&Prime; linewidth=\u00a0\u00bb50&Prime; borderwidth=\u00a0\u00bb3&Prime; borderclr=\u00a0\u00bb#ff6400&Prime; title=\u00a0\u00bb\u00a0\u00bb align=\u00a0\u00bbleft\u00a0\u00bb titleclr=\u00a0\u00bb#000000&Prime;][\/vc_headings][vc_column_text]Nous sommes fi\u00e8rement centr\u00e9s sur le client dans tout ce que nous faisons, garantissant que votre PME re\u00e7oive les m\u00eames services et le m\u00eame soutien que n&rsquo;importe quelle grande entreprise.<\/p>\n<p>En novembre 2019, nous avons fusionn\u00e9 avec Present, un leader du secteur depuis 30 ans, sp\u00e9cialis\u00e9 dans les solutions multi-cloud sur site et hybrides, les services g\u00e9r\u00e9s et le recrutement en s\u00e9curit\u00e9 et informatique. En unissant nos forces, nous avons am\u00e9lior\u00e9 l&rsquo;\u00e9tendue et la qualit\u00e9 des services que nous pouvons offrir \u00e0 nos clients.[\/vc_column_text][\/vc_column][\/vc_row][vc_row css=\u00a0\u00bb.vc_custom_1594234147050{margin-bottom: 50px !important;}\u00a0\u00bb kswr_row_top_decor_enabled=\u00a0\u00bbfalse\u00a0\u00bb kswr_row_bottom_decor_enabled=\u00a0\u00bbfalse\u00a0\u00bb el_class=\u00a0\u00bbmargin-bottom-50&Prime;][vc_column][vc_column_text]Notre mission est de permettre aux PME d&rsquo;utiliser la technologie afin d&rsquo;atteindre leurs objectifs commerciaux. Notre objectif est d&rsquo;\u00eatre un contributeur cl\u00e9 \u00e0 la r\u00e9ussite de vos projets, de votre entreprise et de la carri\u00e8re de ceux qui choisissent de travailler avec nous.<\/p>\n<p>Nous nous effor\u00e7ons \u00e9galement de fournir la meilleure exp\u00e9rience client possible. Cela commence par un objectif centr\u00e9 sur la recherche de ce qui compte le plus pour le client et son entreprise, puis sur la capacit\u00e9 de notre \u00e9quipe \u00e0 y parvenir. Nous aimons ce que nous faisons et nous nous effor\u00e7ons de repr\u00e9senter cette passion dans notre interaction quotidienne avec nos clients, partenaires et coll\u00e8gues.[\/vc_column_text][vc_row_inner][vc_column_inner][vc_column_text]Nous offrons des solutions informatiques sp\u00e9cialis\u00e9es et personnalis\u00e9es qui contribuent \u00e0 accro\u00eetre le rendement des entreprises.<\/p>\n<p>Les solutions professionnelles de Bang peuvent aider votre entreprise \u00e0 abaisser consid\u00e9rablement le co\u00fbt de ses TI (\u00e0 court et \u00e0 moyen terme) et \u00e0 s\u2019adapter avec souplesse \u00e0 la constante \u00e9volution des besoins informatiques : augmentez la fiabilit\u00e9 de vos ressources gr\u00e2ce \u00e0 nos solutions sur mesure.[\/vc_column_text][\/vc_column_inner][\/vc_row_inner][vc_row_inner][vc_column_inner][vc_empty_space][\/vc_column_inner][\/vc_row_inner][vc_column_text]Depuis maintenant 30 ans, Present aide les moyennes et grandes entreprises \u00e0 simplifier les TI pour lib\u00e9rer les gens afin qu&rsquo;ils se concentrent sur les projets cl\u00e9s.<\/p>\n<p>Present se sp\u00e9cialise dans 4 centres d\u2019expertises, soit<\/p>\n<ol>\n<li><strong>Les solutions infonuagiques:<\/strong> Quoi mettre dans quel cloud et pourquoi, et le faire dans un temps record, c\u2019est l\u2019expertise de Present. Avec plus de 100 projets cloud mis en place, en hyperconverg\u00e9, Azure et AWS, nous avons d\u00e9velopp\u00e9 une forte expertise et exp\u00e9rience pour b\u00e2tir la meilleure combinaison de cloud qui tient compte de tous les avantages de part et d\u2019autre<\/li>\n<li><strong>Les solutions d\u2019infrastructures TI:<\/strong> La force de Present c\u2019est d\u2019architecturer une infrastructure avec les meilleures pratiques en tenant compte de ce qui est en place, des besoins pr\u00e9sents et futurs.\u00a0 Des solutions traditionnelles aux solutions hyperconverg\u00e9es, nous concevons la meilleure solution pour r\u00e9pondre \u00e0 la croissance de vos donn\u00e9es, assurer la continuit\u00e9 des affaires, l\u2019agilit\u00e9 et l\u2019efficacit\u00e9, tout en pr\u00e9servant la s\u00e9curit\u00e9 et maximisant la r\u00e9duction des co\u00fbts.<\/li>\n<li><strong>Les solutions de TI g\u00e9r\u00e9es:<\/strong> Nous vous lib\u00e9rons du temps et des soucis de la gestion journali\u00e8re des TI afin que vous puissiez vous concentrer sur ce qui va faire une diff\u00e9rence pour le business.\u00a0 Typiquement, la valeur interne re\u00e7ue est alors l\u2019avancement des projets cl\u00e9s qui am\u00e9liorent le rendement de l\u2019organisation.\u00a0 Nous g\u00e9rons l\u2019infrastructure sur site et cloud et l\u2019aide aux usagers, partiellement ou enti\u00e8rement, ind\u00e9pendamment ou conjointement avec votre \u00e9quipe informatique.<\/li>\n<li><strong>Le recrutement TI:<\/strong> Fournir les ressources cl\u00e9s qui feront la diff\u00e9rence dans le succ\u00e8s des projets et du d\u00e9partement, c\u2019est notre mission recrutement.\u00a0Que vous soyez un employeur \u00e0 la recherche de professionnels TI hautement qualifi\u00e9s pour des postes permanents ou contractuels ou un professionnel TI \u00e0 la recherche d\u2019un changement de carri\u00e8re ou de votre prochain projet, notre mandat est de faire correspondre l\u2019expertise et le talent aux besoins et \u00e0 la culture unique de chaque entreprise.<\/li>\n<\/ol>\n<p style=\"text-align: center;\"><a href=\"https:\/\/present.ca\/fr\/\" target=\"_blank\" rel=\"noopener noreferrer\"><strong>En connaitre davantage sur l&rsquo;offre de Present\u00a0<\/strong><\/a><\/p>\n<p>[\/vc_column_text][\/vc_column][\/vc_row][vc_row type=\u00a0\u00bbfontawesome\u00a0\u00bb icon_fontawesome=\u00a0\u00bbfas fa-handshake\u00a0\u00bb css=\u00a0\u00bb.vc_custom_1594750694624{margin-bottom: 100px !important;}\u00a0\u00bb kswr_row_top_decor_enabled=\u00a0\u00bbfalse\u00a0\u00bb kswr_row_bottom_decor_enabled=\u00a0\u00bbfalse\u00a0\u00bb el_id=\u00a0\u00bbpartenaires\u00a0\u00bb el_class=\u00a0\u00bbmargin-bottom-100 partners-grid-row\u00a0\u00bb][vc_column][box_title before_title=\u00a0\u00bbNous nous allions avec\u00a0\u00bb title=\u00a0\u00bbles meilleurs fournisseurs de solutions TI\u00a0\u00bb after_title=\u00a0\u00bbafin de r\u00e9pondre aux besoins uniques de votre entreprise.\u00a0\u00bb]Bang travaille en partenariat avec les plus grands fournisseurs de solutions TI afin de de faire b\u00e9n\u00e9ficier des meilleurs services de l\u2019industrie. Que ce soit pour vos besoins de services infonuagique ou de services professionnels Bang a la solution pour votre entreprise. Acc\u00e9l\u00e9rez l\u2019innovation et la croissance de votre entreprise gr\u00e2ce \u00e0 des leaders TI, tel que Microsoft, Lenovo, Intel, VMWare, HP, Dell et bien plus[\/box_title][vc_basic_grid post_type=\u00a0\u00bbpartners\u00a0\u00bb max_items=\u00a0\u00bb-1&Prime; style=\u00a0\u00bblazy\u00a0\u00bb items_per_page=\u00a0\u00bb6&Prime; element_width=\u00a0\u00bb2&Prime; orderby=\u00a0\u00bbmenu_order\u00a0\u00bb order=\u00a0\u00bbASC\u00a0\u00bb item=\u00a0\u00bb14345&Prime; grid_id=\u00a0\u00bbvc_gid:1654693210227-96265e8a-6549-10&Prime; css=\u00a0\u00bb.vc_custom_1593528856613{margin-top: 15px !important;margin-right: 15px !important;margin-bottom: 15px !important;margin-left: 15px !important;}\u00a0\u00bb][\/vc_column][\/vc_row][vc_row type=\u00a0\u00bbfontawesome\u00a0\u00bb icon_fontawesome=\u00a0\u00bbfar fa-grin-alt\u00a0\u00bb el_id=\u00a0\u00bbcarriere\u00a0\u00bb kswr_row_top_decor_enabled=\u00a0\u00bbfalse\u00a0\u00bb kswr_row_bottom_decor_enabled=\u00a0\u00bbfalse\u00a0\u00bb css=\u00a0\u00bb.vc_custom_1594234169180{margin-bottom: 50px !important;padding-top: 50px !important;}\u00a0\u00bb el_class=\u00a0\u00bbmargin-bottom-50&Prime;][vc_column][vc_column_text]<\/p>\n<h3 style=\"text-align: center;\">Joignez-vous \u00e0 notre \u00e9quipe!<\/h3>\n<p>[\/vc_column_text][vc_headings style=\u00a0\u00bbtheme3&Prime; linewidth=\u00a0\u00bb50&Prime; borderwidth=\u00a0\u00bb3&Prime; borderclr=\u00a0\u00bb#ff6400&Prime; title=\u00a0\u00bb\u00a0\u00bb align=\u00a0\u00bbleft\u00a0\u00bb titleclr=\u00a0\u00bb#000000&Prime;][\/vc_headings][vc_column_text]Chez Bang et notre soci\u00e9t\u00e9 m\u00e8re Present, notre plus grand atout est notre \u00e9quipe de professionnels de TI passionn\u00e9s et d\u00e9vou\u00e9s.\u00a0 Nous croyons en un service de classe mondiale. Nous pensons \u00e9galement que nous ne pouvons y parvenir sans un lieu de travail heureux et prosp\u00e8re. C\u2019est pourquoi nous mettons l\u2019accent sur la cr\u00e9ation d\u2019une solide culture d\u2019entreprise bas\u00e9e sur le travail d\u2019\u00e9quipe, l\u2019am\u00e9lioration constante, le plaisir et la c\u00e9l\u00e9bration de notre succ\u00e8s.<\/p>\n<p><a href=\"https:\/\/blog.present.ca\/fr\/la-culture-denteprise-l\u00e2me-derri\u00e8re-le-succ\u00e8s-de-present\" target=\"_blank\" rel=\"noopener noreferrer\">Lisez notre article de blogue sur les 6 piliers de notre culture d&rsquo;entreprise.<\/a><\/p>\n<p>Vous souhaitez rejoindre la famille Bang et Present? Nous sommes constamment \u00e0 la recherche des meilleurs talents pour faire partie de notre \u00e9quipe.[\/vc_column_text][\/vc_column][\/vc_row][vc_row css=\u00a0\u00bb.vc_custom_1593529275396{margin-bottom: 50px !important;}\u00a0\u00bb kswr_row_top_decor_enabled=\u00a0\u00bbfalse\u00a0\u00bb kswr_row_bottom_decor_enabled=\u00a0\u00bbfalse\u00a0\u00bb][vc_column width=\u00a0\u00bb1\/2&Prime;][vc_btn title=\u00a0\u00bbVoir les postes disponibles\u00a0\u00bb color=\u00a0\u00bbwarning\u00a0\u00bb size=\u00a0\u00bblg\u00a0\u00bb align=\u00a0\u00bbcenter\u00a0\u00bb link=\u00a0\u00bburl:https%3A%2F%2Fpresent.ca%2Ffr%2Fsolutions%2Frecrutement-ti%2Frecherche-demplois%2F||target:%20_blank|\u00a0\u00bb css=\u00a0\u00bb.vc_custom_1593720924153{padding-top: 15px !important;padding-right: 25px !important;padding-bottom: 15px !important;padding-left: 25px !important;}\u00a0\u00bb][\/vc_column][vc_column width=\u00a0\u00bb1\/2&Prime;][vc_btn title=\u00a0\u00bbEnvoyez-nous votre CV\u00a0\u00bb color=\u00a0\u00bbwarning\u00a0\u00bb size=\u00a0\u00bblg\u00a0\u00bb align=\u00a0\u00bbcenter\u00a0\u00bb link=\u00a0\u00bburl:https%3A%2F%2Fpresent.ca%2Ffr%2Fjobs%2Fcandidature-spontanee%2F||target:%20_blank|\u00a0\u00bb css=\u00a0\u00bb.vc_custom_1594392904578{padding-top: 15px !important;padding-right: 25px !important;padding-bottom: 15px !important;padding-left: 25px !important;}\u00a0\u00bb][\/vc_column][\/vc_row][vc_row full_width=\u00a0\u00bbstretch_row\u00a0\u00bb type=\u00a0\u00bbpixflaticon\u00a0\u00bb icon_pixflaticon=\u00a0\u00bbflaticon-call37&Prime; css=\u00a0\u00bb.vc_custom_1594670907988{margin-bottom: 50px !important;padding-top: 50px !important;padding-bottom: 50px !important;background-color: #ff6400 !important;}\u00a0\u00bb kswr_row_top_decor_enabled=\u00a0\u00bbfalse\u00a0\u00bb kswr_row_bottom_decor_enabled=\u00a0\u00bbfalse\u00a0\u00bb el_class=\u00a0\u00bbcontact_form_row\u00a0\u00bb][vc_column width=\u00a0\u00bb1\/6&Prime; css=\u00a0\u00bb.vc_custom_1593096338878{padding-right: 25% !important;padding-left: 25% !important;}\u00a0\u00bb][\/vc_column][vc_column width=\u00a0\u00bb2\/3&Prime;][vc_headings style=\u00a0\u00bbtheme3&Prime; linewidth=\u00a0\u00bb50&Prime; borderwidth=\u00a0\u00bb3&Prime; borderclr=\u00a0\u00bb#ffffff\u00a0\u00bb title=\u00a0\u00bbComment pouvons-nous am\u00e9liorer vos affaires avec les TI?\u00a0\u00bb titleclr=\u00a0\u00bb#ffffff\u00a0\u00bb][\/vc_headings][vc_column_text]<\/p>\n<p style=\"text-align: center;\">Parlons de vos projets TI maintenant.<\/p>\n<p>[\/vc_column_text][vc_empty_space height=\u00a0\u00bb25&Prime;][vc_btn title=\u00a0\u00bbParlons-en!\u00a0\u00bb color=\u00a0\u00bbwarning\u00a0\u00bb align=\u00a0\u00bbcenter\u00a0\u00bb link=\u00a0\u00bburl:%2Ffr%2Fcontactez-nous%2F|title:Contact%20Bang||\u00a0\u00bb el_class=\u00a0\u00bbwpcf7-submit\u00a0\u00bb][\/vc_column][vc_column width=\u00a0\u00bb1\/6&Prime;][\/vc_column][\/vc_row]<\/p>\n","protected":false},"excerpt":{"rendered":"<p>[vc_row css=\u00a0\u00bb.vc_custom_1594234135257{margin-bottom: 50px !important;}\u00a0\u00bb kswr_row_top_decor_enabled=\u00a0\u00bbfalse\u00a0\u00bb kswr_row_bottom_decor_enabled=\u00a0\u00bbfalse\u00a0\u00bb el_class=\u00a0\u00bbmargin-bottom-50&Prime;][vc_column width=\u00a0\u00bb1\/2&Prime;][vc_column_text] Bang s\u2019engage \u00e0 r\u00e9aliser et soutenir les projets TI [\/vc_column_text][vc_headings style=\u00a0\u00bbtheme3&Prime; linewidth=\u00a0\u00bb50&Prime; borderwidth=\u00a0\u00bb3&Prime; borderclr=\u00a0\u00bb#ff6400&Prime; title=\u00a0\u00bb\u00a0\u00bb align=\u00a0\u00bbleft\u00a0\u00bb titleclr=\u00a0\u00bb#000000&Prime;][\/vc_headings][vc_column_text]Depuis plus de 28 ans, Bang s&rsquo;engage \u00e0 mettre en oeuvre et \u00e0 soutenir des projets informatiques pour les PME au Qu\u00e9bec. Nous comprenons que les petites entreprises s&rsquo;efforcent de devenir [&hellip;]<\/p>\n","protected":false},"author":20,"featured_media":15792,"parent":0,"menu_order":3,"comment_status":"closed","ping_status":"closed","template":"","meta":{"footnotes":""},"class_list":["post-14846","page","type-page","status-publish","has-post-thumbnail","hentry"],"yoast_head":"<!-- This site is optimized with the Yoast SEO plugin v16.2 - https:\/\/yoast.com\/wordpress\/plugins\/seo\/ -->\n<title>BANG - \u00c0 propos l Passionn\u00e9s par les projets TI et les PME<\/title>\n<meta name=\"description\" content=\"Depuis plus de 28 ans, Bang s\u2019engage \u00e0 mettre en oeuvre et \u00e0 soutenir des projets informatiques pour les PME au Qu\u00e9bec. - Bang une compagnie de Present\" \/>\n<meta name=\"robots\" content=\"index, follow, max-snippet:-1, max-image-preview:large, max-video-preview:-1\" \/>\n<link rel=\"canonical\" href=\"https:\/\/bang.ca\/fr\/a-propos\/\" \/>\n<meta property=\"og:locale\" content=\"fr_FR\" \/>\n<meta property=\"og:type\" content=\"article\" \/>\n<meta property=\"og:title\" content=\"BANG - \u00c0 propos l Passionn\u00e9s par les projets TI et les PME\" \/>\n<meta property=\"og:description\" content=\"Depuis plus de 28 ans, Bang s\u2019engage \u00e0 mettre en oeuvre et \u00e0 soutenir des projets informatiques pour les PME au Qu\u00e9bec. - Bang une compagnie de Present\" \/>\n<meta property=\"og:url\" content=\"https:\/\/bang.ca\/fr\/a-propos\/\" \/>\n<meta property=\"og:site_name\" content=\"BANG - Experts Cloud\" \/>\n<meta property=\"article:modified_time\" content=\"2022-06-08T13:15:15+00:00\" \/>\n<meta property=\"og:image\" content=\"https:\/\/bang.ca\/wp-content\/uploads\/2021\/01\/header-About.jpg\" \/>\n\t<meta property=\"og:image:width\" content=\"1920\" \/>\n\t<meta property=\"og:image:height\" content=\"838\" \/>\n<meta name=\"twitter:card\" content=\"summary_large_image\" \/>\n<meta name=\"twitter:site\" content=\"@IndustriesBANG\" \/>\n<meta name=\"twitter:label1\" content=\"Dur\u00e9e de lecture est.\">\n\t<meta name=\"twitter:data1\" content=\"5 minutes\">\n<script type=\"application\/ld+json\" class=\"yoast-schema-graph\">{\"@context\":\"https:\/\/schema.org\",\"@graph\":[{\"@type\":\"Organization\",\"@id\":\"https:\/\/bang.ca\/fr\/#organization\",\"name\":\"BANG\",\"url\":\"https:\/\/bang.ca\/fr\/\",\"sameAs\":[\"https:\/\/www.linkedin.com\/company\/1263889?trk=cws-btn-overview-0-0\",\"https:\/\/twitter.com\/IndustriesBANG\"],\"logo\":{\"@type\":\"ImageObject\",\"@id\":\"https:\/\/bang.ca\/fr\/#logo\",\"inLanguage\":\"fr-FR\",\"url\":\"https:\/\/bang.ca\/wp-content\/uploads\/2015\/04\/bang_logo.png\",\"contentUrl\":\"https:\/\/bang.ca\/wp-content\/uploads\/2015\/04\/bang_logo.png\",\"width\":84,\"height\":94,\"caption\":\"BANG\"},\"image\":{\"@id\":\"https:\/\/bang.ca\/fr\/#logo\"}},{\"@type\":\"WebSite\",\"@id\":\"https:\/\/bang.ca\/fr\/#website\",\"url\":\"https:\/\/bang.ca\/fr\/\",\"name\":\"BANG - Experts Cloud\",\"description\":\"Simplifiez vos T.I.\",\"publisher\":{\"@id\":\"https:\/\/bang.ca\/fr\/#organization\"},\"potentialAction\":[{\"@type\":\"SearchAction\",\"target\":\"https:\/\/bang.ca\/fr\/?s={search_term_string}\",\"query-input\":\"required name=search_term_string\"}],\"inLanguage\":\"fr-FR\"},{\"@type\":\"ImageObject\",\"@id\":\"https:\/\/bang.ca\/fr\/a-propos\/#primaryimage\",\"inLanguage\":\"fr-FR\",\"url\":\"https:\/\/bang.ca\/wp-content\/uploads\/2021\/01\/header-About.jpg\",\"contentUrl\":\"https:\/\/bang.ca\/wp-content\/uploads\/2021\/01\/header-About.jpg\",\"width\":1920,\"height\":838,\"caption\":\"About Bang\"},{\"@type\":\"WebPage\",\"@id\":\"https:\/\/bang.ca\/fr\/a-propos\/#webpage\",\"url\":\"https:\/\/bang.ca\/fr\/a-propos\/\",\"name\":\"BANG - \\u00c0 propos l Passionn\\u00e9s par les projets TI et les PME\",\"isPartOf\":{\"@id\":\"https:\/\/bang.ca\/fr\/#website\"},\"primaryImageOfPage\":{\"@id\":\"https:\/\/bang.ca\/fr\/a-propos\/#primaryimage\"},\"datePublished\":\"2020-06-30T18:05:06+00:00\",\"dateModified\":\"2022-06-08T13:15:15+00:00\",\"description\":\"Depuis plus de 28 ans, Bang s\\u2019engage \\u00e0 mettre en oeuvre et \\u00e0 soutenir des projets informatiques pour les PME au Qu\\u00e9bec. - Bang une compagnie de Present\",\"breadcrumb\":{\"@id\":\"https:\/\/bang.ca\/fr\/a-propos\/#breadcrumb\"},\"inLanguage\":\"fr-FR\",\"potentialAction\":[{\"@type\":\"ReadAction\",\"target\":[\"https:\/\/bang.ca\/fr\/a-propos\/\"]}]},{\"@type\":\"BreadcrumbList\",\"@id\":\"https:\/\/bang.ca\/fr\/a-propos\/#breadcrumb\",\"itemListElement\":[{\"@type\":\"ListItem\",\"position\":1,\"item\":{\"@type\":\"WebPage\",\"@id\":\"https:\/\/bang.ca\/fr\/\",\"url\":\"https:\/\/bang.ca\/fr\/\",\"name\":\"Home\"}},{\"@type\":\"ListItem\",\"position\":2,\"item\":{\"@id\":\"https:\/\/bang.ca\/fr\/a-propos\/#webpage\"}}]}]}<\/script>\n<!-- \/ Yoast SEO plugin. -->","_links":{"self":[{"href":"https:\/\/bang.ca\/fr\/wp-json\/wp\/v2\/pages\/14846","targetHints":{"allow":["GET"]}}],"collection":[{"href":"https:\/\/bang.ca\/fr\/wp-json\/wp\/v2\/pages"}],"about":[{"href":"https:\/\/bang.ca\/fr\/wp-json\/wp\/v2\/types\/page"}],"author":[{"embeddable":true,"href":"https:\/\/bang.ca\/fr\/wp-json\/wp\/v2\/users\/20"}],"replies":[{"embeddable":true,"href":"https:\/\/bang.ca\/fr\/wp-json\/wp\/v2\/comments?post=14846"}],"version-history":[{"count":9,"href":"https:\/\/bang.ca\/fr\/wp-json\/wp\/v2\/pages\/14846\/revisions"}],"predecessor-version":[{"id":15877,"href":"https:\/\/bang.ca\/fr\/wp-json\/wp\/v2\/pages\/14846\/revisions\/15877"}],"wp:featuredmedia":[{"embeddable":true,"href":"https:\/\/bang.ca\/fr\/wp-json\/wp\/v2\/media\/15792"}],"wp:attachment":[{"href":"https:\/\/bang.ca\/fr\/wp-json\/wp\/v2\/media?parent=14846"}],"curies":[{"name":"wp","href":"https:\/\/api.w.org\/{rel}","templated":true}]}}