{"id":14839,"date":"2020-06-30T13:59:05","date_gmt":"2020-06-30T17:59:05","guid":{"rendered":"https:\/\/bang.ca\/?page_id=14839"},"modified":"2020-11-19T13:44:06","modified_gmt":"2020-11-19T18:44:06","slug":"services","status":"publish","type":"page","link":"https:\/\/bang.ca\/fr\/services\/","title":{"rendered":"Services"},"content":{"rendered":"<p>[vc_row css=\u00a0\u00bb.vc_custom_1593113190752{margin-bottom: 50px !important;}\u00a0\u00bb kswr_row_top_decor_enabled=\u00a0\u00bbfalse\u00a0\u00bb kswr_row_bottom_decor_enabled=\u00a0\u00bbfalse\u00a0\u00bb][vc_column][vc_column_text]Avec notre \u00e9quipe d&rsquo;experts passionn\u00e9s et centr\u00e9s sur le client, Bang s&rsquo;efforce d&rsquo;aider les petites et moyennes entreprises du Qu\u00e9bec \u00e0 accro\u00eetre leurs performances commerciales gr\u00e2ce \u00e0 notre suite de services et de solutions informatiques personnalis\u00e9s. Nos solutions sont con\u00e7ues pour vous aider \u00e0 r\u00e9duire vos co\u00fbts informatiques, r\u00e9pondre rapidement \u00e0 l&rsquo;\u00e9volution des besoins informatiques et commerciaux et vous permettre de vous concentrer sur des aspects plus importants de votre entreprise en sachant que vos besoins en services informatiques sont pris en charge.[\/vc_column_text][\/vc_column][\/vc_row][vc_row css=\u00a0\u00bb.vc_custom_1594747432548{margin-bottom: 50px !important;}\u00a0\u00bb kswr_row_top_decor_enabled=\u00a0\u00bbfalse\u00a0\u00bb kswr_row_bottom_decor_enabled=\u00a0\u00bbfalse\u00a0\u00bb el_class=\u00a0\u00bbservices-grid-row\u00a0\u00bb][vc_column][vc_basic_grid post_type=\u00a0\u00bbcustom\u00a0\u00bb element_width=\u00a0\u00bb6&Prime; item=\u00a0\u00bb14401&Prime; grid_id=\u00a0\u00bbvc_gid:1597932843531-e9eabb8ae51e04de460905bf082aa1b8-9&Prime; custom_query=\u00a0\u00bbpost_type=page&amp;posts_per_page=-1&amp;post_parent=14839&amp;order=ASC&amp;orderby=menu_order\u00a0\u00bb][\/vc_column][\/vc_row][vc_row full_width=\u00a0\u00bbstretch_row\u00a0\u00bb content_placement=\u00a0\u00bbmiddle\u00a0\u00bb type=\u00a0\u00bbpixflaticon\u00a0\u00bb icon_pixflaticon=\u00a0\u00bbflaticon-call37&Prime; css=\u00a0\u00bb.vc_custom_1594669588853{padding-top: 50px !important;padding-bottom: 50px !important;background-color: #ff6400 !important;}\u00a0\u00bb kswr_row_top_decor_enabled=\u00a0\u00bbfalse\u00a0\u00bb kswr_row_bottom_decor_enabled=\u00a0\u00bbfalse\u00a0\u00bb el_class=\u00a0\u00bbcontact_form_row vc_custom_1593113467131&Prime;][vc_column width=\u00a0\u00bb1\/6&Prime; css=\u00a0\u00bb.vc_custom_1593096338878{padding-right: 25% !important;padding-left: 25% !important;}\u00a0\u00bb][\/vc_column][vc_column width=\u00a0\u00bb2\/3&Prime;][vc_headings style=\u00a0\u00bbtheme3&Prime; linewidth=\u00a0\u00bb50&Prime; borderwidth=\u00a0\u00bb3&Prime; borderclr=\u00a0\u00bb#ffffff\u00a0\u00bb title=\u00a0\u00bbComment pouvons-nous am\u00e9liorer vos affaires avec les TI?\u00a0\u00bb titleclr=\u00a0\u00bb#ffffff\u00a0\u00bb][\/vc_headings][vc_column_text]<\/p>\n<p style=\"text-align: center;\">Parlons de vos projets TI maintenant.<\/p>\n<p>[\/vc_column_text][vc_empty_space height=\u00a0\u00bb25&Prime;][vc_btn title=\u00a0\u00bbParlons-en\u00a0\u00bb color=\u00a0\u00bbwarning\u00a0\u00bb align=\u00a0\u00bbcenter\u00a0\u00bb link=\u00a0\u00bburl:%2Ffr%2Fcontactez-nous%2F|title:Contact%20Bang||\u00a0\u00bb el_class=\u00a0\u00bbwpcf7-submit\u00a0\u00bb][\/vc_column][vc_column width=\u00a0\u00bb1\/6&Prime;][\/vc_column][\/vc_row]<\/p>\n","protected":false},"excerpt":{"rendered":"<p>[vc_row css=\u00a0\u00bb.vc_custom_1593113190752{margin-bottom: 50px !important;}\u00a0\u00bb kswr_row_top_decor_enabled=\u00a0\u00bbfalse\u00a0\u00bb kswr_row_bottom_decor_enabled=\u00a0\u00bbfalse\u00a0\u00bb][vc_column][vc_column_text]Avec notre \u00e9quipe d&rsquo;experts passionn\u00e9s et centr\u00e9s sur le client, Bang s&rsquo;efforce d&rsquo;aider les petites et moyennes entreprises du Qu\u00e9bec \u00e0 accro\u00eetre leurs performances commerciales gr\u00e2ce \u00e0 notre suite de services et de solutions informatiques personnalis\u00e9s. Nos solutions sont con\u00e7ues pour vous aider \u00e0 r\u00e9duire vos co\u00fbts informatiques, r\u00e9pondre rapidement [&hellip;]<\/p>\n","protected":false},"author":19,"featured_media":15776,"parent":0,"menu_order":1,"comment_status":"closed","ping_status":"open","template":"","meta":{"footnotes":""},"class_list":["post-14839","page","type-page","status-publish","has-post-thumbnail","hentry"],"yoast_head":"<!-- This site is optimized with the Yoast SEO plugin v16.2 - https:\/\/yoast.com\/wordpress\/plugins\/seo\/ -->\n<title>BANG - Services TI Classe Mondiale pour votre PME l Montr\u00e9al &amp; Qu\u00e9bec<\/title>\n<meta name=\"description\" content=\"Augmentez vos performances commerciales gr\u00e2ce nos services et de solutions T. Services infonuagiques - Services g\u00e9r\u00e9s - Microsoft 365 - services professionnels\" \/>\n<meta name=\"robots\" content=\"index, follow, max-snippet:-1, max-image-preview:large, max-video-preview:-1\" \/>\n<link rel=\"canonical\" href=\"https:\/\/bang.ca\/fr\/services\/\" \/>\n<meta property=\"og:locale\" content=\"fr_FR\" \/>\n<meta property=\"og:type\" content=\"article\" \/>\n<meta property=\"og:title\" content=\"BANG - Services TI Classe Mondiale pour votre PME l Montr\u00e9al &amp; Qu\u00e9bec\" \/>\n<meta property=\"og:description\" content=\"Augmentez vos performances commerciales gr\u00e2ce nos services et de solutions T. Services infonuagiques - Services g\u00e9r\u00e9s - Microsoft 365 - services professionnels\" \/>\n<meta property=\"og:url\" content=\"https:\/\/bang.ca\/fr\/services\/\" \/>\n<meta property=\"og:site_name\" content=\"BANG - Experts Cloud\" \/>\n<meta property=\"article:modified_time\" content=\"2020-11-19T18:44:06+00:00\" \/>\n<meta property=\"og:image\" content=\"https:\/\/bang.ca\/wp-content\/uploads\/2021\/01\/header-Services.jpg\" \/>\n\t<meta property=\"og:image:width\" content=\"1920\" \/>\n\t<meta property=\"og:image:height\" content=\"838\" \/>\n<meta name=\"twitter:card\" content=\"summary_large_image\" \/>\n<meta name=\"twitter:site\" content=\"@IndustriesBANG\" \/>\n<meta name=\"twitter:label1\" content=\"Dur\u00e9e de lecture est.\">\n\t<meta name=\"twitter:data1\" content=\"2 minutes\">\n<script type=\"application\/ld+json\" class=\"yoast-schema-graph\">{\"@context\":\"https:\/\/schema.org\",\"@graph\":[{\"@type\":\"Organization\",\"@id\":\"https:\/\/bang.ca\/fr\/#organization\",\"name\":\"BANG\",\"url\":\"https:\/\/bang.ca\/fr\/\",\"sameAs\":[\"https:\/\/www.linkedin.com\/company\/1263889?trk=cws-btn-overview-0-0\",\"https:\/\/twitter.com\/IndustriesBANG\"],\"logo\":{\"@type\":\"ImageObject\",\"@id\":\"https:\/\/bang.ca\/fr\/#logo\",\"inLanguage\":\"fr-FR\",\"url\":\"https:\/\/bang.ca\/wp-content\/uploads\/2015\/04\/bang_logo.png\",\"contentUrl\":\"https:\/\/bang.ca\/wp-content\/uploads\/2015\/04\/bang_logo.png\",\"width\":84,\"height\":94,\"caption\":\"BANG\"},\"image\":{\"@id\":\"https:\/\/bang.ca\/fr\/#logo\"}},{\"@type\":\"WebSite\",\"@id\":\"https:\/\/bang.ca\/fr\/#website\",\"url\":\"https:\/\/bang.ca\/fr\/\",\"name\":\"BANG - Experts Cloud\",\"description\":\"Simplifiez vos T.I.\",\"publisher\":{\"@id\":\"https:\/\/bang.ca\/fr\/#organization\"},\"potentialAction\":[{\"@type\":\"SearchAction\",\"target\":\"https:\/\/bang.ca\/fr\/?s={search_term_string}\",\"query-input\":\"required name=search_term_string\"}],\"inLanguage\":\"fr-FR\"},{\"@type\":\"ImageObject\",\"@id\":\"https:\/\/bang.ca\/fr\/services\/#primaryimage\",\"inLanguage\":\"fr-FR\",\"url\":\"https:\/\/bang.ca\/wp-content\/uploads\/2021\/01\/header-Services.jpg\",\"contentUrl\":\"https:\/\/bang.ca\/wp-content\/uploads\/2021\/01\/header-Services.jpg\",\"width\":1920,\"height\":838,\"caption\":\"Bang Services\"},{\"@type\":\"WebPage\",\"@id\":\"https:\/\/bang.ca\/fr\/services\/#webpage\",\"url\":\"https:\/\/bang.ca\/fr\/services\/\",\"name\":\"BANG - Services TI Classe Mondiale pour votre PME l Montr\\u00e9al & Qu\\u00e9bec\",\"isPartOf\":{\"@id\":\"https:\/\/bang.ca\/fr\/#website\"},\"primaryImageOfPage\":{\"@id\":\"https:\/\/bang.ca\/fr\/services\/#primaryimage\"},\"datePublished\":\"2020-06-30T17:59:05+00:00\",\"dateModified\":\"2020-11-19T18:44:06+00:00\",\"description\":\"Augmentez vos performances commerciales gr\\u00e2ce nos services et de solutions T. Services infonuagiques - Services g\\u00e9r\\u00e9s - Microsoft 365 - services professionnels\",\"breadcrumb\":{\"@id\":\"https:\/\/bang.ca\/fr\/services\/#breadcrumb\"},\"inLanguage\":\"fr-FR\",\"potentialAction\":[{\"@type\":\"ReadAction\",\"target\":[\"https:\/\/bang.ca\/fr\/services\/\"]}]},{\"@type\":\"BreadcrumbList\",\"@id\":\"https:\/\/bang.ca\/fr\/services\/#breadcrumb\",\"itemListElement\":[{\"@type\":\"ListItem\",\"position\":1,\"item\":{\"@type\":\"WebPage\",\"@id\":\"https:\/\/bang.ca\/fr\/\",\"url\":\"https:\/\/bang.ca\/fr\/\",\"name\":\"Home\"}},{\"@type\":\"ListItem\",\"position\":2,\"item\":{\"@id\":\"https:\/\/bang.ca\/fr\/services\/#webpage\"}}]}]}<\/script>\n<!-- \/ Yoast SEO plugin. -->","_links":{"self":[{"href":"https:\/\/bang.ca\/fr\/wp-json\/wp\/v2\/pages\/14839","targetHints":{"allow":["GET"]}}],"collection":[{"href":"https:\/\/bang.ca\/fr\/wp-json\/wp\/v2\/pages"}],"about":[{"href":"https:\/\/bang.ca\/fr\/wp-json\/wp\/v2\/types\/page"}],"author":[{"embeddable":true,"href":"https:\/\/bang.ca\/fr\/wp-json\/wp\/v2\/users\/19"}],"replies":[{"embeddable":true,"href":"https:\/\/bang.ca\/fr\/wp-json\/wp\/v2\/comments?post=14839"}],"version-history":[{"count":2,"href":"https:\/\/bang.ca\/fr\/wp-json\/wp\/v2\/pages\/14839\/revisions"}],"predecessor-version":[{"id":15655,"href":"https:\/\/bang.ca\/fr\/wp-json\/wp\/v2\/pages\/14839\/revisions\/15655"}],"wp:featuredmedia":[{"embeddable":true,"href":"https:\/\/bang.ca\/fr\/wp-json\/wp\/v2\/media\/15776"}],"wp:attachment":[{"href":"https:\/\/bang.ca\/fr\/wp-json\/wp\/v2\/media?parent=14839"}],"curies":[{"name":"wp","href":"https:\/\/api.w.org\/{rel}","templated":true}]}}